{"id":1642,"date":"2014-01-01T22:22:47","date_gmt":"2014-01-01T21:22:47","guid":{"rendered":"http:\/\/sergiofoto.pl\/zdjecia-ubran-produktow-akcesoriow-2\/"},"modified":"2015-10-27T16:23:28","modified_gmt":"2015-10-27T15:23:28","slug":"foto-di-vestiti-prodotti-e-accessori","status":"publish","type":"page","link":"https:\/\/www.sergiofoto.pl\/it\/foto-di-vestiti-prodotti-e-accessori\/","title":{"rendered":"Foto di vestiti, prodotti e accessori"},"content":{"rendered":"<p style=\"text-align: center;\">Seguiteci su\u00a0<a title=\"Fotograf Warszawa - Facebook\" href=\"https:\/\/www.facebook.com\/pages\/Sergios-photography-Fotograf-Warszawa\/366880513364848\" target=\"_blank\">Facebook<\/a>:<\/p>\n<p>&nbsp;<\/p>\n<p>Anche tu sei esigente su ogni cosa e in ogni particolare? Non solo la qualit\u00e0 dei prodotti che offri deve rispettare\u00a0certi<strong> standard professionali<\/strong>, ma richiedi gli stessi requisiti anche per le foto pubblicitarie dei prodotti stessi?<br \/>\nProbabilmente diverse volte hai iniziato una collaborazione con qualche <strong>&#8220;buon fotografo&#8221;<\/strong> che per\u00f2 non ha saputo comprendere la tua visione e i tuoi obiettivi e alla fine i risultati della sessione fotografica non erano dei migliori? Se \u00e8 cos\u00ec vuol dire che hai gi\u00e0 speso tante energie per creare il prodotto, \u00e8 arrivato il tempo di rilassarti e lasciar fare il lavoro agli specialisti.<\/p>\n<p>&nbsp;<\/p>\n<h2>Assicuriamo<\/h2>\n<ul>\n<li>Foto professionali e di qualit\u00e0 dei prodotti, accessori, vestiti ecc.<\/li>\n<li>Collaborazione con i migliori fotografi e specialisti di moda. La passione e la creativit\u00e0 del nostro team a garanzia di una originale presentazione dei tuoi prodotti<\/li>\n<li>Sei <strong>tu a decidere<\/strong>\u00a0come devono essere presentati i tuoi prodotti, noi solo suggeriamo e non insistiamo su niente. Al primo posto mettiamo l&#8217;interesse del nostro cliente<\/li>\n<\/ul>\n","protected":false},"excerpt":{"rendered":"<p>Seguiteci su\u00a0Facebook: &nbsp; Anche tu sei esigente su ogni cosa e in ogni particolare? Non solo la qualit\u00e0 dei prodotti che offri deve rispettare\u00a0certi standard professionali, ma richiedi gli stessi requisiti anche per le foto pubblicitarie dei prodotti stessi? Probabilmente diverse volte hai iniziato una&#8230;<\/p>\n","protected":false},"author":1,"featured_media":988,"parent":0,"menu_order":0,"comment_status":"open","ping_status":"closed","template":"","meta":{"footnotes":""},"class_list":["post-1642","page","type-page","status-publish","has-post-thumbnail","hentry"],"yoast_head":"<!-- This site is optimized with the Yoast SEO plugin v27.3 - https:\/\/yoast.com\/product\/yoast-seo-wordpress\/ -->\n<title>Foto di vestiti, prodotti e accessori<\/title>\n<meta name=\"description\" content=\"Fotografie professionali e di qualit\u00e0 di prodotti, accessori e vestiti. Packshots i fotografie di vestiti. Fotografo collezioni di abbigliamento. Varsavia e non solo\" \/>\n<meta name=\"robots\" content=\"index, follow, max-snippet:-1, max-image-preview:large, max-video-preview:-1\" \/>\n<link rel=\"canonical\" href=\"https:\/\/www.sergiofoto.pl\/it\/foto-di-vestiti-prodotti-e-accessori\/\" \/>\n<meta property=\"og:locale\" content=\"it_IT\" \/>\n<meta property=\"og:type\" content=\"article\" \/>\n<meta property=\"og:title\" content=\"Foto di vestiti, prodotti e accessori\" \/>\n<meta property=\"og:description\" content=\"Fotografie professionali e di qualit\u00e0 di prodotti, accessori e vestiti. Packshots i fotografie di vestiti. Fotografo collezioni di abbigliamento. Varsavia e non solo\" \/>\n<meta property=\"og:url\" content=\"https:\/\/www.sergiofoto.pl\/it\/foto-di-vestiti-prodotti-e-accessori\/\" \/>\n<meta property=\"og:site_name\" content=\"Sergio&#039;s Photography - Fotografo Matrimoni | Professionista\" \/>\n<meta property=\"article:publisher\" content=\"https:\/\/www.facebook.com\/sergiofotopl\" \/>\n<meta property=\"article:modified_time\" content=\"2015-10-27T15:23:28+00:00\" \/>\n<meta property=\"og:image\" content=\"https:\/\/www.sergiofoto.pl\/wp-content\/uploads\/2014\/01\/fotograf-akcesoriow-packshotow-dodatki-ubran.jpg\" \/>\n\t<meta property=\"og:image:width\" content=\"960\" \/>\n\t<meta property=\"og:image:height\" content=\"640\" \/>\n\t<meta property=\"og:image:type\" content=\"image\/jpeg\" \/>\n<meta name=\"twitter:label1\" content=\"Est. reading time\" \/>\n\t<meta name=\"twitter:data1\" content=\"1 minute\" \/>\n<script type=\"application\/ld+json\" class=\"yoast-schema-graph\">{\"@context\":\"https:\\\/\\\/schema.org\",\"@graph\":[{\"@type\":\"WebPage\",\"@id\":\"https:\\\/\\\/www.sergiofoto.pl\\\/it\\\/foto-di-vestiti-prodotti-e-accessori\\\/\",\"url\":\"https:\\\/\\\/www.sergiofoto.pl\\\/it\\\/foto-di-vestiti-prodotti-e-accessori\\\/\",\"name\":\"Foto di vestiti, prodotti e accessori\",\"isPartOf\":{\"@id\":\"http:\\\/\\\/www.sergiofoto.pl\\\/#website\"},\"primaryImageOfPage\":{\"@id\":\"https:\\\/\\\/www.sergiofoto.pl\\\/it\\\/foto-di-vestiti-prodotti-e-accessori\\\/#primaryimage\"},\"image\":{\"@id\":\"https:\\\/\\\/www.sergiofoto.pl\\\/it\\\/foto-di-vestiti-prodotti-e-accessori\\\/#primaryimage\"},\"thumbnailUrl\":\"https:\\\/\\\/www.sergiofoto.pl\\\/wp-content\\\/uploads\\\/2014\\\/01\\\/fotograf-akcesoriow-packshotow-dodatki-ubran.jpg\",\"datePublished\":\"2014-01-01T21:22:47+00:00\",\"dateModified\":\"2015-10-27T15:23:28+00:00\",\"description\":\"Fotografie professionali e di qualit\u00e0 di prodotti, accessori e vestiti. Packshots i fotografie di vestiti. Fotografo collezioni di abbigliamento. Varsavia e non solo\",\"breadcrumb\":{\"@id\":\"https:\\\/\\\/www.sergiofoto.pl\\\/it\\\/foto-di-vestiti-prodotti-e-accessori\\\/#breadcrumb\"},\"inLanguage\":\"it\",\"potentialAction\":[{\"@type\":\"ReadAction\",\"target\":[\"https:\\\/\\\/www.sergiofoto.pl\\\/it\\\/foto-di-vestiti-prodotti-e-accessori\\\/\"]}]},{\"@type\":\"ImageObject\",\"inLanguage\":\"it\",\"@id\":\"https:\\\/\\\/www.sergiofoto.pl\\\/it\\\/foto-di-vestiti-prodotti-e-accessori\\\/#primaryimage\",\"url\":\"https:\\\/\\\/www.sergiofoto.pl\\\/wp-content\\\/uploads\\\/2014\\\/01\\\/fotograf-akcesoriow-packshotow-dodatki-ubran.jpg\",\"contentUrl\":\"https:\\\/\\\/www.sergiofoto.pl\\\/wp-content\\\/uploads\\\/2014\\\/01\\\/fotograf-akcesoriow-packshotow-dodatki-ubran.jpg\",\"width\":960,\"height\":640},{\"@type\":\"BreadcrumbList\",\"@id\":\"https:\\\/\\\/www.sergiofoto.pl\\\/it\\\/foto-di-vestiti-prodotti-e-accessori\\\/#breadcrumb\",\"itemListElement\":[{\"@type\":\"ListItem\",\"position\":1,\"name\":\"Home\",\"item\":\"https:\\\/\\\/www.sergiofoto.pl\\\/it\\\/homepage-sergio-foto\\\/\"},{\"@type\":\"ListItem\",\"position\":2,\"name\":\"Foto di vestiti, prodotti e accessori\"}]},{\"@type\":\"WebSite\",\"@id\":\"http:\\\/\\\/www.sergiofoto.pl\\\/#website\",\"url\":\"http:\\\/\\\/www.sergiofoto.pl\\\/\",\"name\":\"Sergio's Photography - Fotografia... po w\u0142osku!\",\"description\":\"Fotografo matrimoni, bambini, modelle, eventi e press. Straordinarie fotografie di trucco, ritratti. Fotografia pubblicitaria. Servizi fotografici in studio e all'aperto\",\"potentialAction\":[{\"@type\":\"SearchAction\",\"target\":{\"@type\":\"EntryPoint\",\"urlTemplate\":\"http:\\\/\\\/www.sergiofoto.pl\\\/?s={search_term_string}\"},\"query-input\":{\"@type\":\"PropertyValueSpecification\",\"valueRequired\":true,\"valueName\":\"search_term_string\"}}],\"inLanguage\":\"it\"}]}<\/script>\n<!-- \/ Yoast SEO plugin. -->","yoast_head_json":{"title":"Foto di vestiti, prodotti e accessori","description":"Fotografie professionali e di qualit\u00e0 di prodotti, accessori e vestiti. Packshots i fotografie di vestiti. Fotografo collezioni di abbigliamento. Varsavia e non solo","robots":{"index":"index","follow":"follow","max-snippet":"max-snippet:-1","max-image-preview":"max-image-preview:large","max-video-preview":"max-video-preview:-1"},"canonical":"https:\/\/www.sergiofoto.pl\/it\/foto-di-vestiti-prodotti-e-accessori\/","og_locale":"it_IT","og_type":"article","og_title":"Foto di vestiti, prodotti e accessori","og_description":"Fotografie professionali e di qualit\u00e0 di prodotti, accessori e vestiti. Packshots i fotografie di vestiti. Fotografo collezioni di abbigliamento. Varsavia e non solo","og_url":"https:\/\/www.sergiofoto.pl\/it\/foto-di-vestiti-prodotti-e-accessori\/","og_site_name":"Sergio's Photography - Fotografo Matrimoni | Professionista","article_publisher":"https:\/\/www.facebook.com\/sergiofotopl","article_modified_time":"2015-10-27T15:23:28+00:00","og_image":[{"width":960,"height":640,"url":"https:\/\/www.sergiofoto.pl\/wp-content\/uploads\/2014\/01\/fotograf-akcesoriow-packshotow-dodatki-ubran.jpg","type":"image\/jpeg"}],"twitter_misc":{"Est. reading time":"1 minute"},"schema":{"@context":"https:\/\/schema.org","@graph":[{"@type":"WebPage","@id":"https:\/\/www.sergiofoto.pl\/it\/foto-di-vestiti-prodotti-e-accessori\/","url":"https:\/\/www.sergiofoto.pl\/it\/foto-di-vestiti-prodotti-e-accessori\/","name":"Foto di vestiti, prodotti e accessori","isPartOf":{"@id":"http:\/\/www.sergiofoto.pl\/#website"},"primaryImageOfPage":{"@id":"https:\/\/www.sergiofoto.pl\/it\/foto-di-vestiti-prodotti-e-accessori\/#primaryimage"},"image":{"@id":"https:\/\/www.sergiofoto.pl\/it\/foto-di-vestiti-prodotti-e-accessori\/#primaryimage"},"thumbnailUrl":"https:\/\/www.sergiofoto.pl\/wp-content\/uploads\/2014\/01\/fotograf-akcesoriow-packshotow-dodatki-ubran.jpg","datePublished":"2014-01-01T21:22:47+00:00","dateModified":"2015-10-27T15:23:28+00:00","description":"Fotografie professionali e di qualit\u00e0 di prodotti, accessori e vestiti. Packshots i fotografie di vestiti. Fotografo collezioni di abbigliamento. Varsavia e non solo","breadcrumb":{"@id":"https:\/\/www.sergiofoto.pl\/it\/foto-di-vestiti-prodotti-e-accessori\/#breadcrumb"},"inLanguage":"it","potentialAction":[{"@type":"ReadAction","target":["https:\/\/www.sergiofoto.pl\/it\/foto-di-vestiti-prodotti-e-accessori\/"]}]},{"@type":"ImageObject","inLanguage":"it","@id":"https:\/\/www.sergiofoto.pl\/it\/foto-di-vestiti-prodotti-e-accessori\/#primaryimage","url":"https:\/\/www.sergiofoto.pl\/wp-content\/uploads\/2014\/01\/fotograf-akcesoriow-packshotow-dodatki-ubran.jpg","contentUrl":"https:\/\/www.sergiofoto.pl\/wp-content\/uploads\/2014\/01\/fotograf-akcesoriow-packshotow-dodatki-ubran.jpg","width":960,"height":640},{"@type":"BreadcrumbList","@id":"https:\/\/www.sergiofoto.pl\/it\/foto-di-vestiti-prodotti-e-accessori\/#breadcrumb","itemListElement":[{"@type":"ListItem","position":1,"name":"Home","item":"https:\/\/www.sergiofoto.pl\/it\/homepage-sergio-foto\/"},{"@type":"ListItem","position":2,"name":"Foto di vestiti, prodotti e accessori"}]},{"@type":"WebSite","@id":"http:\/\/www.sergiofoto.pl\/#website","url":"http:\/\/www.sergiofoto.pl\/","name":"Sergio's Photography - Fotografia... po w\u0142osku!","description":"Fotografo matrimoni, bambini, modelle, eventi e press. Straordinarie fotografie di trucco, ritratti. Fotografia pubblicitaria. Servizi fotografici in studio e all'aperto","potentialAction":[{"@type":"SearchAction","target":{"@type":"EntryPoint","urlTemplate":"http:\/\/www.sergiofoto.pl\/?s={search_term_string}"},"query-input":{"@type":"PropertyValueSpecification","valueRequired":true,"valueName":"search_term_string"}}],"inLanguage":"it"}]}},"_links":{"self":[{"href":"https:\/\/www.sergiofoto.pl\/it\/wp-json\/wp\/v2\/pages\/1642\/"}],"collection":[{"href":"https:\/\/www.sergiofoto.pl\/it\/wp-json\/wp\/v2\/pages\/"}],"about":[{"href":"https:\/\/www.sergiofoto.pl\/it\/wp-json\/wp\/v2\/types\/page\/"}],"author":[{"embeddable":true,"href":"https:\/\/www.sergiofoto.pl\/it\/wp-json\/wp\/v2\/users\/1\/"}],"replies":[{"embeddable":true,"href":"https:\/\/www.sergiofoto.pl\/it\/wp-json\/wp\/v2\/comments\/?post=1642"}],"version-history":[{"count":2,"href":"https:\/\/www.sergiofoto.pl\/it\/wp-json\/wp\/v2\/pages\/1642\/revisions\/"}],"predecessor-version":[{"id":1645,"href":"https:\/\/www.sergiofoto.pl\/it\/wp-json\/wp\/v2\/pages\/1642\/revisions\/1645\/"}],"wp:featuredmedia":[{"embeddable":true,"href":"https:\/\/www.sergiofoto.pl\/it\/wp-json\/wp\/v2\/media\/988\/"}],"wp:attachment":[{"href":"https:\/\/www.sergiofoto.pl\/it\/wp-json\/wp\/v2\/media\/?parent=1642"}],"curies":[{"name":"wp","href":"https:\/\/api.w.org\/{rel}","templated":true}]}}