{"id":1605,"date":"2014-01-01T20:16:24","date_gmt":"2014-01-01T19:16:24","guid":{"rendered":"http:\/\/sergiofoto.pl\/pokazy-mody-2\/"},"modified":"2015-10-27T16:24:50","modified_gmt":"2015-10-27T15:24:50","slug":"sfilate-di-moda","status":"publish","type":"page","link":"https:\/\/www.sergiofoto.pl\/it\/sfilate-di-moda\/","title":{"rendered":"Sfilate di moda"},"content":{"rendered":"<div id=\"attachment_220\" style=\"width: 410px\" class=\"wp-caption alignright\"><a href=\"http:\/\/www.sergiofoto.pl\/wp-content\/uploads\/2013\/12\/pokaz-przybylskiego-1-thumb.jpg\"><img loading=\"lazy\" decoding=\"async\" aria-describedby=\"caption-attachment-220\" class=\"size-full wp-image-220 \" src=\"http:\/\/www.sergiofoto.pl\/wp-content\/uploads\/2013\/12\/pokaz-przybylskiego-1-thumb.jpg\" alt=\"Pokaz mody - Mariusz Przybylski\" width=\"400\" height=\"600\" \/><\/a><p id=\"caption-attachment-220\" class=\"wp-caption-text\">Pokaz mody &#8211; Mariusz Przybylski<\/p><\/div>\n<p style=\"text-align: center;\">Seguici su\u00a0<a title=\"Fotografo Varsavia - Facebook\" href=\"https:\/\/www.facebook.com\/pages\/Sergios-photography-Fotograf-Warszawa\/366880513364848\" target=\"_blank\">Facebook<\/a><\/p>\n<p>Sai com&#8217;\u00e8 quando senti di essere <strong>migliore della concorrenza<\/strong>? Credi che i <strong>tuoi prodotti siano di qualit\u00e0 e di notevole valore<\/strong>? E allora ti sei mai chiesto perch\u00e9 non hai cos\u00ec tanti clienti quanti ne vorresti?<\/p>\n<p>Il problema sta proprio nella presentazione che manca di qualit\u00e0. Puoi creare una collezione strepitosa che passer\u00e0 inosservata per colpa delle bruttissime foto scattate durante la sfilata!<\/p>\n<p>Che vantaggi ottieni collaborando con la nostra azienda?<\/p>\n<p>&nbsp;<\/p>\n<h2>Quali sono i BENEFICI per te?<\/h2>\n<ul>\n<li><span style=\"font-size: 13px;\">Ci adattiamo al cliente e soddisfiamo\u00a0le sue esigenze: tu chiedi, noi ascoltiamo;<\/span><\/li>\n<li><span style=\"font-size: 13px;\">Possibilit\u00e0 di personalizzare il servizio: foto della sfilata, dei dettagli della collezione, del backstage, foto artistiche e di moda;<\/span><\/li>\n<li><span style=\"font-size: 13px;\">Presenta i tuoi prodotti in maniera professionale, sia alla sfilata che in studio. Non devi preoccuparti delle caratteristiche dell&#8217;ambiente, ci pensiamo noi!<\/span><\/li>\n<li><span style=\"font-size: 13px;\">Il team di 1-3 fotografi professionisti (il numero dipende dalle tue esigenze) garantisce scatti con diverse angolature e prospettive;<\/span><\/li>\n<li><span style=\"font-size: 13px;\">Il ritocco e l&#8217;editing professionali danno un risultato finale che, parlando per esperienza personale, lascia a bocca aperta anche i clienti pi\u00f9 esigenti.<\/span><\/li>\n<\/ul>\n<p>&nbsp;<\/p>\n","protected":false},"excerpt":{"rendered":"<p>Seguici su\u00a0Facebook Sai com&#8217;\u00e8 quando senti di essere migliore della concorrenza? Credi che i tuoi prodotti siano di qualit\u00e0 e di notevole valore? E allora ti sei mai chiesto perch\u00e9 non hai cos\u00ec tanti clienti quanti ne vorresti? Il problema sta proprio nella presentazione che&#8230;<\/p>\n","protected":false},"author":1,"featured_media":222,"parent":0,"menu_order":0,"comment_status":"open","ping_status":"open","template":"page-fullwidth.php","meta":{"footnotes":""},"class_list":["post-1605","page","type-page","status-publish","has-post-thumbnail","hentry"],"yoast_head":"<!-- This site is optimized with the Yoast SEO plugin v27.3 - https:\/\/yoast.com\/product\/yoast-seo-wordpress\/ -->\n<title>Fotografo italiano sfilate di moda - Sfilate di moda, collezioni abbigliamento - Fotografo Varsavia<\/title>\n<meta name=\"description\" content=\"Possibilit\u00e0 di richiesta servizi fotografici su misura: fotografie sfilate di moda, dettagli collezioni, backstage, artistiche e di moda. Gruppo di 1-3 fotografi\" \/>\n<meta name=\"robots\" content=\"index, follow, max-snippet:-1, max-image-preview:large, max-video-preview:-1\" \/>\n<link rel=\"canonical\" href=\"https:\/\/www.sergiofoto.pl\/it\/sfilate-di-moda\/\" \/>\n<meta property=\"og:locale\" content=\"it_IT\" \/>\n<meta property=\"og:type\" content=\"article\" \/>\n<meta property=\"og:title\" content=\"Fotografo italiano sfilate di moda - Sfilate di moda, collezioni abbigliamento - Fotografo Varsavia\" \/>\n<meta property=\"og:description\" content=\"Possibilit\u00e0 di richiesta servizi fotografici su misura: fotografie sfilate di moda, dettagli collezioni, backstage, artistiche e di moda. Gruppo di 1-3 fotografi\" \/>\n<meta property=\"og:url\" content=\"https:\/\/www.sergiofoto.pl\/it\/sfilate-di-moda\/\" \/>\n<meta property=\"og:site_name\" content=\"Sergio&#039;s Photography - Fotografo Matrimoni | Professionista\" \/>\n<meta property=\"article:publisher\" content=\"https:\/\/www.facebook.com\/sergiofotopl\" \/>\n<meta property=\"article:modified_time\" content=\"2015-10-27T15:24:50+00:00\" \/>\n<meta property=\"og:image\" content=\"https:\/\/www.sergiofoto.pl\/wp-content\/uploads\/2013\/12\/pokaz-przybylskiego-3-960.jpg\" \/>\n\t<meta property=\"og:image:width\" content=\"1\" \/>\n\t<meta property=\"og:image:height\" content=\"1\" \/>\n\t<meta property=\"og:image:type\" content=\"image\/jpeg\" \/>\n<meta name=\"twitter:label1\" content=\"Est. reading time\" \/>\n\t<meta name=\"twitter:data1\" content=\"1 minute\" \/>\n<script type=\"application\/ld+json\" class=\"yoast-schema-graph\">{\"@context\":\"https:\\\/\\\/schema.org\",\"@graph\":[{\"@type\":\"WebPage\",\"@id\":\"https:\\\/\\\/www.sergiofoto.pl\\\/it\\\/sfilate-di-moda\\\/\",\"url\":\"https:\\\/\\\/www.sergiofoto.pl\\\/it\\\/sfilate-di-moda\\\/\",\"name\":\"Fotografo italiano sfilate di moda - Sfilate di moda, collezioni abbigliamento - Fotografo Varsavia\",\"isPartOf\":{\"@id\":\"http:\\\/\\\/www.sergiofoto.pl\\\/#website\"},\"primaryImageOfPage\":{\"@id\":\"https:\\\/\\\/www.sergiofoto.pl\\\/it\\\/sfilate-di-moda\\\/#primaryimage\"},\"image\":{\"@id\":\"https:\\\/\\\/www.sergiofoto.pl\\\/it\\\/sfilate-di-moda\\\/#primaryimage\"},\"thumbnailUrl\":\"https:\\\/\\\/www.sergiofoto.pl\\\/wp-content\\\/uploads\\\/2013\\\/12\\\/pokaz-przybylskiego-3-960.jpg\",\"datePublished\":\"2014-01-01T19:16:24+00:00\",\"dateModified\":\"2015-10-27T15:24:50+00:00\",\"description\":\"Possibilit\u00e0 di richiesta servizi fotografici su misura: fotografie sfilate di moda, dettagli collezioni, backstage, artistiche e di moda. Gruppo di 1-3 fotografi\",\"breadcrumb\":{\"@id\":\"https:\\\/\\\/www.sergiofoto.pl\\\/it\\\/sfilate-di-moda\\\/#breadcrumb\"},\"inLanguage\":\"it\",\"potentialAction\":[{\"@type\":\"ReadAction\",\"target\":[\"https:\\\/\\\/www.sergiofoto.pl\\\/it\\\/sfilate-di-moda\\\/\"]}]},{\"@type\":\"ImageObject\",\"inLanguage\":\"it\",\"@id\":\"https:\\\/\\\/www.sergiofoto.pl\\\/it\\\/sfilate-di-moda\\\/#primaryimage\",\"url\":\"https:\\\/\\\/www.sergiofoto.pl\\\/wp-content\\\/uploads\\\/2013\\\/12\\\/pokaz-przybylskiego-3-960.jpg\",\"contentUrl\":\"https:\\\/\\\/www.sergiofoto.pl\\\/wp-content\\\/uploads\\\/2013\\\/12\\\/pokaz-przybylskiego-3-960.jpg\",\"caption\":\"Modelki na pokazie Przybylskiego\"},{\"@type\":\"BreadcrumbList\",\"@id\":\"https:\\\/\\\/www.sergiofoto.pl\\\/it\\\/sfilate-di-moda\\\/#breadcrumb\",\"itemListElement\":[{\"@type\":\"ListItem\",\"position\":1,\"name\":\"Home\",\"item\":\"https:\\\/\\\/www.sergiofoto.pl\\\/it\\\/homepage-sergio-foto\\\/\"},{\"@type\":\"ListItem\",\"position\":2,\"name\":\"Sfilate di moda\"}]},{\"@type\":\"WebSite\",\"@id\":\"http:\\\/\\\/www.sergiofoto.pl\\\/#website\",\"url\":\"http:\\\/\\\/www.sergiofoto.pl\\\/\",\"name\":\"Sergio's Photography - Fotografia... po w\u0142osku!\",\"description\":\"Fotografo matrimoni, bambini, modelle, eventi e press. Straordinarie fotografie di trucco, ritratti. Fotografia pubblicitaria. Servizi fotografici in studio e all'aperto\",\"potentialAction\":[{\"@type\":\"SearchAction\",\"target\":{\"@type\":\"EntryPoint\",\"urlTemplate\":\"http:\\\/\\\/www.sergiofoto.pl\\\/?s={search_term_string}\"},\"query-input\":{\"@type\":\"PropertyValueSpecification\",\"valueRequired\":true,\"valueName\":\"search_term_string\"}}],\"inLanguage\":\"it\"}]}<\/script>\n<!-- \/ Yoast SEO plugin. -->","yoast_head_json":{"title":"Fotografo italiano sfilate di moda - Sfilate di moda, collezioni abbigliamento - Fotografo Varsavia","description":"Possibilit\u00e0 di richiesta servizi fotografici su misura: fotografie sfilate di moda, dettagli collezioni, backstage, artistiche e di moda. Gruppo di 1-3 fotografi","robots":{"index":"index","follow":"follow","max-snippet":"max-snippet:-1","max-image-preview":"max-image-preview:large","max-video-preview":"max-video-preview:-1"},"canonical":"https:\/\/www.sergiofoto.pl\/it\/sfilate-di-moda\/","og_locale":"it_IT","og_type":"article","og_title":"Fotografo italiano sfilate di moda - Sfilate di moda, collezioni abbigliamento - Fotografo Varsavia","og_description":"Possibilit\u00e0 di richiesta servizi fotografici su misura: fotografie sfilate di moda, dettagli collezioni, backstage, artistiche e di moda. Gruppo di 1-3 fotografi","og_url":"https:\/\/www.sergiofoto.pl\/it\/sfilate-di-moda\/","og_site_name":"Sergio's Photography - Fotografo Matrimoni | Professionista","article_publisher":"https:\/\/www.facebook.com\/sergiofotopl","article_modified_time":"2015-10-27T15:24:50+00:00","og_image":[{"url":"https:\/\/www.sergiofoto.pl\/wp-content\/uploads\/2013\/12\/pokaz-przybylskiego-3-960.jpg","width":1,"height":1,"type":"image\/jpeg"}],"twitter_misc":{"Est. reading time":"1 minute"},"schema":{"@context":"https:\/\/schema.org","@graph":[{"@type":"WebPage","@id":"https:\/\/www.sergiofoto.pl\/it\/sfilate-di-moda\/","url":"https:\/\/www.sergiofoto.pl\/it\/sfilate-di-moda\/","name":"Fotografo italiano sfilate di moda - Sfilate di moda, collezioni abbigliamento - Fotografo Varsavia","isPartOf":{"@id":"http:\/\/www.sergiofoto.pl\/#website"},"primaryImageOfPage":{"@id":"https:\/\/www.sergiofoto.pl\/it\/sfilate-di-moda\/#primaryimage"},"image":{"@id":"https:\/\/www.sergiofoto.pl\/it\/sfilate-di-moda\/#primaryimage"},"thumbnailUrl":"https:\/\/www.sergiofoto.pl\/wp-content\/uploads\/2013\/12\/pokaz-przybylskiego-3-960.jpg","datePublished":"2014-01-01T19:16:24+00:00","dateModified":"2015-10-27T15:24:50+00:00","description":"Possibilit\u00e0 di richiesta servizi fotografici su misura: fotografie sfilate di moda, dettagli collezioni, backstage, artistiche e di moda. Gruppo di 1-3 fotografi","breadcrumb":{"@id":"https:\/\/www.sergiofoto.pl\/it\/sfilate-di-moda\/#breadcrumb"},"inLanguage":"it","potentialAction":[{"@type":"ReadAction","target":["https:\/\/www.sergiofoto.pl\/it\/sfilate-di-moda\/"]}]},{"@type":"ImageObject","inLanguage":"it","@id":"https:\/\/www.sergiofoto.pl\/it\/sfilate-di-moda\/#primaryimage","url":"https:\/\/www.sergiofoto.pl\/wp-content\/uploads\/2013\/12\/pokaz-przybylskiego-3-960.jpg","contentUrl":"https:\/\/www.sergiofoto.pl\/wp-content\/uploads\/2013\/12\/pokaz-przybylskiego-3-960.jpg","caption":"Modelki na pokazie Przybylskiego"},{"@type":"BreadcrumbList","@id":"https:\/\/www.sergiofoto.pl\/it\/sfilate-di-moda\/#breadcrumb","itemListElement":[{"@type":"ListItem","position":1,"name":"Home","item":"https:\/\/www.sergiofoto.pl\/it\/homepage-sergio-foto\/"},{"@type":"ListItem","position":2,"name":"Sfilate di moda"}]},{"@type":"WebSite","@id":"http:\/\/www.sergiofoto.pl\/#website","url":"http:\/\/www.sergiofoto.pl\/","name":"Sergio's Photography - Fotografia... po w\u0142osku!","description":"Fotografo matrimoni, bambini, modelle, eventi e press. Straordinarie fotografie di trucco, ritratti. Fotografia pubblicitaria. Servizi fotografici in studio e all'aperto","potentialAction":[{"@type":"SearchAction","target":{"@type":"EntryPoint","urlTemplate":"http:\/\/www.sergiofoto.pl\/?s={search_term_string}"},"query-input":{"@type":"PropertyValueSpecification","valueRequired":true,"valueName":"search_term_string"}}],"inLanguage":"it"}]}},"_links":{"self":[{"href":"https:\/\/www.sergiofoto.pl\/it\/wp-json\/wp\/v2\/pages\/1605\/"}],"collection":[{"href":"https:\/\/www.sergiofoto.pl\/it\/wp-json\/wp\/v2\/pages\/"}],"about":[{"href":"https:\/\/www.sergiofoto.pl\/it\/wp-json\/wp\/v2\/types\/page\/"}],"author":[{"embeddable":true,"href":"https:\/\/www.sergiofoto.pl\/it\/wp-json\/wp\/v2\/users\/1\/"}],"replies":[{"embeddable":true,"href":"https:\/\/www.sergiofoto.pl\/it\/wp-json\/wp\/v2\/comments\/?post=1605"}],"version-history":[{"count":5,"href":"https:\/\/www.sergiofoto.pl\/it\/wp-json\/wp\/v2\/pages\/1605\/revisions\/"}],"predecessor-version":[{"id":1618,"href":"https:\/\/www.sergiofoto.pl\/it\/wp-json\/wp\/v2\/pages\/1605\/revisions\/1618\/"}],"wp:featuredmedia":[{"embeddable":true,"href":"https:\/\/www.sergiofoto.pl\/it\/wp-json\/wp\/v2\/media\/222\/"}],"wp:attachment":[{"href":"https:\/\/www.sergiofoto.pl\/it\/wp-json\/wp\/v2\/media\/?parent=1605"}],"curies":[{"name":"wp","href":"https:\/\/api.w.org\/{rel}","templated":true}]}}