{"id":1461,"date":"2013-11-05T01:42:41","date_gmt":"2013-11-05T00:42:41","guid":{"rendered":"http:\/\/sergiofoto.pl\/kontakt-2\/"},"modified":"2015-10-27T16:48:40","modified_gmt":"2015-10-27T15:48:40","slug":"contattaci","status":"publish","type":"page","link":"https:\/\/www.sergiofoto.pl\/it\/contattaci\/","title":{"rendered":"CONTATTACI"},"content":{"rendered":"<div class=\"wpb-content-wrapper\"><p>[vc_row row_type=&#8221;row&#8221; use_row_as_full_screen_section=&#8221;no&#8221; type=&#8221;grid&#8221; in_content_menu=&#8221;&#8221; icon_pack=&#8221;font_awesome&#8221; oblique_section=&#8221;no&#8221; oblique_section_top_and_bottom=&#8221;both&#8221; oblique_section_position=&#8221;from_left_to_right&#8221; text_align=&#8221;left&#8221; triangle_shape=&#8221;no&#8221; triangle_shape_position=&#8221;both&#8221; pattern_background=&#8221;&#8221; full_screen_section_height=&#8221;no&#8221; vertically_align_content_in_middle=&#8221;no&#8221; use_as_box=&#8221;&#8221; logo_in_content_menu=&#8221;&#8221; content_menu_border_bottom=&#8221;&#8221; content_menu_border_style=&#8221;solid&#8221; padding_top=&#8221;84&#8243; padding_bottom=&#8221;0&#8243; box_shadow_on_row=&#8221;no&#8221;][vc_column width=&#8221;2\/3&#8243;][vc_column_text]<\/p>\n<h3>Contattaci<\/h3>\n<p><span style=\"color: red !important;\">ATTENZIONE!!\u00a0<span style=\"color: #000000;\">Prima di inviare il messaggio assicurarsi che l&#8217;indirzzo email sia stato scritto in modo corretto. In caso ci fossero errori nell&#8217;indirizzo email, la nostra risposta non vi arriver\u00e0.<\/span><\/span><br \/>\n[\/vc_column_text][vc_separator type=&#8221;transparent&#8221; position=&#8221;center&#8221; up=&#8221;25&#8243; up_style=&#8221;px&#8221; down=&#8221;0&#8243; down_style=&#8221;px&#8221;][vc_column_text]<\/p>\n<p>[\/vc_column_text][\/vc_column][vc_column width=&#8221;1\/3&#8243;][vc_column_text]<\/p>\n<h3>Scrivici<\/h3>\n<p>[\/vc_column_text][vc_separator type=&#8221;transparent&#8221; position=&#8221;center&#8221; up=&#8221;25&#8243; up_style=&#8221;px&#8221; down=&#8221;0&#8243; down_style=&#8221;px&#8221;][vc_column_text]<\/p>\n<p style=\"text-align: center;\">Seguici su\u00a0<a title=\"Fotograf Warszawa - Facebook\" href=\"https:\/\/www.facebook.com\/pages\/Sergios-photography-Fotograf-Warszawa\/366880513364848\" target=\"_blank\">Facebooku<\/a>:<\/p>\n<p>[\/vc_column_text][\/vc_column][\/vc_row][vc_row row_type=&#8221;row&#8221; use_row_as_full_screen_section=&#8221;no&#8221; type=&#8221;grid&#8221; in_content_menu=&#8221;&#8221; icon_pack=&#8221;font_awesome&#8221; oblique_section=&#8221;no&#8221; oblique_section_top_and_bottom=&#8221;both&#8221; oblique_section_position=&#8221;from_left_to_right&#8221; text_align=&#8221;left&#8221; triangle_shape=&#8221;no&#8221; triangle_shape_position=&#8221;both&#8221; pattern_background=&#8221;&#8221; full_screen_section_height=&#8221;no&#8221; vertically_align_content_in_middle=&#8221;no&#8221; use_as_box=&#8221;&#8221; logo_in_content_menu=&#8221;&#8221; content_menu_border_bottom=&#8221;&#8221; content_menu_border_style=&#8221;solid&#8221; padding_top=&#8221;55&#8243; padding_bottom=&#8221;90&#8243; box_shadow_on_row=&#8221;no&#8221;][vc_column width=&#8221;1\/1&#8243;]\n<div class=\"wpcf7 no-js\" id=\"wpcf7-f2842-o1\" lang=\"en-US\" dir=\"ltr\" data-wpcf7-id=\"2842\">\n<div class=\"screen-reader-response\"><p role=\"status\" aria-live=\"polite\" aria-atomic=\"true\"><\/p> <ul><\/ul><\/div>\n<form action=\"\/it\/wp-json\/wp\/v2\/pages\/1461#wpcf7-f2842-o1\" method=\"post\" class=\"wpcf7-form init\" aria-label=\"Contact form\" novalidate=\"novalidate\" data-status=\"init\">\n<fieldset class=\"hidden-fields-container\"><input type=\"hidden\" name=\"_wpcf7\" value=\"2842\" \/><input type=\"hidden\" name=\"_wpcf7_version\" value=\"6.1.5\" \/><input type=\"hidden\" name=\"_wpcf7_locale\" value=\"en_US\" \/><input type=\"hidden\" name=\"_wpcf7_unit_tag\" value=\"wpcf7-f2842-o1\" \/><input type=\"hidden\" name=\"_wpcf7_container_post\" value=\"0\" \/><input type=\"hidden\" name=\"_wpcf7_posted_data_hash\" value=\"\" \/><input type=\"hidden\" name=\"_wpcf7_recaptcha_response\" value=\"\" \/>\n<\/fieldset>\n<p>Your Name (required)\n<\/p>\n<p><span class=\"wpcf7-form-control-wrap\" data-name=\"your-name\"><input size=\"40\" maxlength=\"400\" class=\"wpcf7-form-control wpcf7-text wpcf7-validates-as-required\" aria-required=\"true\" aria-invalid=\"false\" value=\"\" type=\"text\" name=\"your-name\" \/><\/span>\n<\/p>\n<p>Your Email (required)\n<\/p>\n<p><span class=\"wpcf7-form-control-wrap\" data-name=\"your-email\"><input size=\"40\" maxlength=\"400\" class=\"wpcf7-form-control wpcf7-email wpcf7-validates-as-required wpcf7-text wpcf7-validates-as-email\" aria-required=\"true\" aria-invalid=\"false\" value=\"\" type=\"email\" name=\"your-email\" \/><\/span>\n<\/p>\n<p>Subject\n<\/p>\n<p><span class=\"wpcf7-form-control-wrap\" data-name=\"your-subject\"><input size=\"40\" maxlength=\"400\" class=\"wpcf7-form-control wpcf7-text\" aria-invalid=\"false\" value=\"\" type=\"text\" name=\"your-subject\" \/><\/span>\n<\/p>\n<p>Your Message\n<\/p>\n<p><span class=\"wpcf7-form-control-wrap\" data-name=\"your-message\"><textarea cols=\"40\" rows=\"10\" maxlength=\"2000\" class=\"wpcf7-form-control wpcf7-textarea\" aria-invalid=\"false\" name=\"your-message\"><\/textarea><\/span>\n<\/p>\n<p><span class=\"wpcf7-form-control-wrap\" data-name=\"checkbox-960\"><span class=\"wpcf7-form-control wpcf7-checkbox wpcf7-validates-as-required\"><span class=\"wpcf7-list-item first last\"><input type=\"checkbox\" name=\"checkbox-960[]\" value=\"Akceptuj\u0119 polityk\u0119 prywatno\u015bci\" \/><span class=\"wpcf7-list-item-label\">Akceptuj\u0119 polityk\u0119 prywatno\u015bci<\/span><\/span><\/span><\/span><a href=\"http:\/\/www.sergiofoto.pl\/polityka-prywatnosci\/\">Czytaj polityk\u0119 prywatno\u015bci<\/a>\n<\/p>\n<p><input class=\"wpcf7-form-control wpcf7-submit has-spinner\" type=\"submit\" value=\"Send\" \/>\n<\/p><p style=\"display: none !important;\" class=\"akismet-fields-container\" data-prefix=\"_wpcf7_ak_\"><label>&#916;<textarea name=\"_wpcf7_ak_hp_textarea\" cols=\"45\" rows=\"8\" maxlength=\"100\"><\/textarea><\/label><input type=\"hidden\" id=\"ak_js_1\" name=\"_wpcf7_ak_js\" value=\"114\"\/><script>document.getElementById( \"ak_js_1\" ).setAttribute( \"value\", ( new Date() ).getTime() );<\/script><\/p><div class=\"wpcf7-response-output\" aria-hidden=\"true\"><\/div>\n<\/form>\n<\/div>\n[\/vc_column][\/vc_row]<\/p>\n<\/div>","protected":false},"excerpt":{"rendered":"<p>[vc_row row_type=&#8221;row&#8221; use_row_as_full_screen_section=&#8221;no&#8221; type=&#8221;grid&#8221; in_content_menu=&#8221;&#8221; icon_pack=&#8221;font_awesome&#8221; oblique_section=&#8221;no&#8221; oblique_section_top_and_bottom=&#8221;both&#8221; oblique_section_position=&#8221;from_left_to_right&#8221; text_align=&#8221;left&#8221; triangle_shape=&#8221;no&#8221; triangle_shape_position=&#8221;both&#8221; pattern_background=&#8221;&#8221; full_screen_section_height=&#8221;no&#8221; vertically_align_content_in_middle=&#8221;no&#8221; use_as_box=&#8221;&#8221; logo_in_content_menu=&#8221;&#8221; content_menu_border_bottom=&#8221;&#8221; content_menu_border_style=&#8221;solid&#8221; padding_top=&#8221;84&#8243; padding_bottom=&#8221;0&#8243; box_shadow_on_row=&#8221;no&#8221;][vc_column width=&#8221;2\/3&#8243;][vc_column_text] Contattaci ATTENZIONE!!\u00a0Prima di inviare il messaggio assicurarsi che l&#8217;indirzzo email sia stato scritto in modo corretto. In caso ci fossero errori nell&#8217;indirizzo&#8230;<\/p>\n","protected":false},"author":1,"featured_media":2846,"parent":0,"menu_order":0,"comment_status":"open","ping_status":"open","template":"full_width.php","meta":{"footnotes":""},"class_list":["post-1461","page","type-page","status-publish","has-post-thumbnail","hentry"],"yoast_head":"<!-- This site is optimized with the Yoast SEO plugin v27.3 - https:\/\/yoast.com\/product\/yoast-seo-wordpress\/ -->\n<title>CONTATTACI | Forografo matrimonio professionale<\/title>\n<meta name=\"robots\" content=\"index, follow, max-snippet:-1, max-image-preview:large, max-video-preview:-1\" \/>\n<link rel=\"canonical\" href=\"https:\/\/www.sergiofoto.pl\/it\/contattaci\/\" \/>\n<meta property=\"og:locale\" content=\"it_IT\" \/>\n<meta property=\"og:type\" content=\"article\" \/>\n<meta property=\"og:title\" content=\"CONTATTACI | Forografo matrimonio professionale\" \/>\n<meta property=\"og:description\" content=\"[vc_row row_type=&#8221;row&#8221; use_row_as_full_screen_section=&#8221;no&#8221; type=&#8221;grid&#8221; in_content_menu=&#8221;&#8221; icon_pack=&#8221;font_awesome&#8221; oblique_section=&#8221;no&#8221; oblique_section_top_and_bottom=&#8221;both&#8221; oblique_section_position=&#8221;from_left_to_right&#8221; text_align=&#8221;left&#8221; triangle_shape=&#8221;no&#8221; triangle_shape_position=&#8221;both&#8221; pattern_background=&#8221;&#8221; full_screen_section_height=&#8221;no&#8221; vertically_align_content_in_middle=&#8221;no&#8221; use_as_box=&#8221;&#8221; logo_in_content_menu=&#8221;&#8221; content_menu_border_bottom=&#8221;&#8221; content_menu_border_style=&#8221;solid&#8221; padding_top=&#8221;84&#8243; padding_bottom=&#8221;0&#8243; box_shadow_on_row=&#8221;no&#8221;][vc_column width=&#8221;2\/3&#8243;][vc_column_text] Contattaci ATTENZIONE!!\u00a0Prima di inviare il messaggio assicurarsi che l&#8217;indirzzo email sia stato scritto in modo corretto. In caso ci fossero errori nell&#8217;indirizzo...\" \/>\n<meta property=\"og:url\" content=\"https:\/\/www.sergiofoto.pl\/it\/contattaci\/\" \/>\n<meta property=\"og:site_name\" content=\"Sergio&#039;s Photography - Fotografo Matrimoni | Professionista\" \/>\n<meta property=\"article:publisher\" content=\"https:\/\/www.facebook.com\/sergiofotopl\" \/>\n<meta property=\"article:modified_time\" content=\"2015-10-27T15:48:40+00:00\" \/>\n<meta property=\"og:image\" content=\"https:\/\/www.sergiofoto.pl\/wp-content\/uploads\/2013\/11\/contact-title.jpg\" \/>\n\t<meta property=\"og:image:width\" content=\"1106\" \/>\n\t<meta property=\"og:image:height\" content=\"460\" \/>\n\t<meta property=\"og:image:type\" content=\"image\/jpeg\" \/>\n<meta name=\"twitter:label1\" content=\"Est. reading time\" \/>\n\t<meta name=\"twitter:data1\" content=\"1 minute\" \/>\n<script type=\"application\/ld+json\" class=\"yoast-schema-graph\">{\"@context\":\"https:\\\/\\\/schema.org\",\"@graph\":[{\"@type\":\"WebPage\",\"@id\":\"https:\\\/\\\/www.sergiofoto.pl\\\/it\\\/contattaci\\\/\",\"url\":\"https:\\\/\\\/www.sergiofoto.pl\\\/it\\\/contattaci\\\/\",\"name\":\"CONTATTACI | Forografo matrimonio professionale\",\"isPartOf\":{\"@id\":\"http:\\\/\\\/www.sergiofoto.pl\\\/#website\"},\"primaryImageOfPage\":{\"@id\":\"https:\\\/\\\/www.sergiofoto.pl\\\/it\\\/contattaci\\\/#primaryimage\"},\"image\":{\"@id\":\"https:\\\/\\\/www.sergiofoto.pl\\\/it\\\/contattaci\\\/#primaryimage\"},\"thumbnailUrl\":\"https:\\\/\\\/www.sergiofoto.pl\\\/wp-content\\\/uploads\\\/2013\\\/11\\\/contact-title.jpg\",\"datePublished\":\"2013-11-05T00:42:41+00:00\",\"dateModified\":\"2015-10-27T15:48:40+00:00\",\"breadcrumb\":{\"@id\":\"https:\\\/\\\/www.sergiofoto.pl\\\/it\\\/contattaci\\\/#breadcrumb\"},\"inLanguage\":\"it\",\"potentialAction\":[{\"@type\":\"ReadAction\",\"target\":[\"https:\\\/\\\/www.sergiofoto.pl\\\/it\\\/contattaci\\\/\"]}]},{\"@type\":\"ImageObject\",\"inLanguage\":\"it\",\"@id\":\"https:\\\/\\\/www.sergiofoto.pl\\\/it\\\/contattaci\\\/#primaryimage\",\"url\":\"https:\\\/\\\/www.sergiofoto.pl\\\/wp-content\\\/uploads\\\/2013\\\/11\\\/contact-title.jpg\",\"contentUrl\":\"https:\\\/\\\/www.sergiofoto.pl\\\/wp-content\\\/uploads\\\/2013\\\/11\\\/contact-title.jpg\",\"width\":1106,\"height\":460},{\"@type\":\"BreadcrumbList\",\"@id\":\"https:\\\/\\\/www.sergiofoto.pl\\\/it\\\/contattaci\\\/#breadcrumb\",\"itemListElement\":[{\"@type\":\"ListItem\",\"position\":1,\"name\":\"Home\",\"item\":\"https:\\\/\\\/www.sergiofoto.pl\\\/it\\\/homepage-sergio-foto\\\/\"},{\"@type\":\"ListItem\",\"position\":2,\"name\":\"CONTATTACI\"}]},{\"@type\":\"WebSite\",\"@id\":\"http:\\\/\\\/www.sergiofoto.pl\\\/#website\",\"url\":\"http:\\\/\\\/www.sergiofoto.pl\\\/\",\"name\":\"Sergio's Photography - Fotografia... po w\u0142osku!\",\"description\":\"Fotografo matrimoni, bambini, modelle, eventi e press. Straordinarie fotografie di trucco, ritratti. Fotografia pubblicitaria. Servizi fotografici in studio e all'aperto\",\"potentialAction\":[{\"@type\":\"SearchAction\",\"target\":{\"@type\":\"EntryPoint\",\"urlTemplate\":\"http:\\\/\\\/www.sergiofoto.pl\\\/?s={search_term_string}\"},\"query-input\":{\"@type\":\"PropertyValueSpecification\",\"valueRequired\":true,\"valueName\":\"search_term_string\"}}],\"inLanguage\":\"it\"}]}<\/script>\n<!-- \/ Yoast SEO plugin. -->","yoast_head_json":{"title":"CONTATTACI | Forografo matrimonio professionale","robots":{"index":"index","follow":"follow","max-snippet":"max-snippet:-1","max-image-preview":"max-image-preview:large","max-video-preview":"max-video-preview:-1"},"canonical":"https:\/\/www.sergiofoto.pl\/it\/contattaci\/","og_locale":"it_IT","og_type":"article","og_title":"CONTATTACI | Forografo matrimonio professionale","og_description":"[vc_row row_type=&#8221;row&#8221; use_row_as_full_screen_section=&#8221;no&#8221; type=&#8221;grid&#8221; in_content_menu=&#8221;&#8221; icon_pack=&#8221;font_awesome&#8221; oblique_section=&#8221;no&#8221; oblique_section_top_and_bottom=&#8221;both&#8221; oblique_section_position=&#8221;from_left_to_right&#8221; text_align=&#8221;left&#8221; triangle_shape=&#8221;no&#8221; triangle_shape_position=&#8221;both&#8221; pattern_background=&#8221;&#8221; full_screen_section_height=&#8221;no&#8221; vertically_align_content_in_middle=&#8221;no&#8221; use_as_box=&#8221;&#8221; logo_in_content_menu=&#8221;&#8221; content_menu_border_bottom=&#8221;&#8221; content_menu_border_style=&#8221;solid&#8221; padding_top=&#8221;84&#8243; padding_bottom=&#8221;0&#8243; box_shadow_on_row=&#8221;no&#8221;][vc_column width=&#8221;2\/3&#8243;][vc_column_text] Contattaci ATTENZIONE!!\u00a0Prima di inviare il messaggio assicurarsi che l&#8217;indirzzo email sia stato scritto in modo corretto. In caso ci fossero errori nell&#8217;indirizzo...","og_url":"https:\/\/www.sergiofoto.pl\/it\/contattaci\/","og_site_name":"Sergio's Photography - Fotografo Matrimoni | Professionista","article_publisher":"https:\/\/www.facebook.com\/sergiofotopl","article_modified_time":"2015-10-27T15:48:40+00:00","og_image":[{"width":1106,"height":460,"url":"https:\/\/www.sergiofoto.pl\/wp-content\/uploads\/2013\/11\/contact-title.jpg","type":"image\/jpeg"}],"twitter_misc":{"Est. reading time":"1 minute"},"schema":{"@context":"https:\/\/schema.org","@graph":[{"@type":"WebPage","@id":"https:\/\/www.sergiofoto.pl\/it\/contattaci\/","url":"https:\/\/www.sergiofoto.pl\/it\/contattaci\/","name":"CONTATTACI | Forografo matrimonio professionale","isPartOf":{"@id":"http:\/\/www.sergiofoto.pl\/#website"},"primaryImageOfPage":{"@id":"https:\/\/www.sergiofoto.pl\/it\/contattaci\/#primaryimage"},"image":{"@id":"https:\/\/www.sergiofoto.pl\/it\/contattaci\/#primaryimage"},"thumbnailUrl":"https:\/\/www.sergiofoto.pl\/wp-content\/uploads\/2013\/11\/contact-title.jpg","datePublished":"2013-11-05T00:42:41+00:00","dateModified":"2015-10-27T15:48:40+00:00","breadcrumb":{"@id":"https:\/\/www.sergiofoto.pl\/it\/contattaci\/#breadcrumb"},"inLanguage":"it","potentialAction":[{"@type":"ReadAction","target":["https:\/\/www.sergiofoto.pl\/it\/contattaci\/"]}]},{"@type":"ImageObject","inLanguage":"it","@id":"https:\/\/www.sergiofoto.pl\/it\/contattaci\/#primaryimage","url":"https:\/\/www.sergiofoto.pl\/wp-content\/uploads\/2013\/11\/contact-title.jpg","contentUrl":"https:\/\/www.sergiofoto.pl\/wp-content\/uploads\/2013\/11\/contact-title.jpg","width":1106,"height":460},{"@type":"BreadcrumbList","@id":"https:\/\/www.sergiofoto.pl\/it\/contattaci\/#breadcrumb","itemListElement":[{"@type":"ListItem","position":1,"name":"Home","item":"https:\/\/www.sergiofoto.pl\/it\/homepage-sergio-foto\/"},{"@type":"ListItem","position":2,"name":"CONTATTACI"}]},{"@type":"WebSite","@id":"http:\/\/www.sergiofoto.pl\/#website","url":"http:\/\/www.sergiofoto.pl\/","name":"Sergio's Photography - Fotografia... po w\u0142osku!","description":"Fotografo matrimoni, bambini, modelle, eventi e press. Straordinarie fotografie di trucco, ritratti. Fotografia pubblicitaria. Servizi fotografici in studio e all'aperto","potentialAction":[{"@type":"SearchAction","target":{"@type":"EntryPoint","urlTemplate":"http:\/\/www.sergiofoto.pl\/?s={search_term_string}"},"query-input":{"@type":"PropertyValueSpecification","valueRequired":true,"valueName":"search_term_string"}}],"inLanguage":"it"}]}},"_links":{"self":[{"href":"https:\/\/www.sergiofoto.pl\/it\/wp-json\/wp\/v2\/pages\/1461\/"}],"collection":[{"href":"https:\/\/www.sergiofoto.pl\/it\/wp-json\/wp\/v2\/pages\/"}],"about":[{"href":"https:\/\/www.sergiofoto.pl\/it\/wp-json\/wp\/v2\/types\/page\/"}],"author":[{"embeddable":true,"href":"https:\/\/www.sergiofoto.pl\/it\/wp-json\/wp\/v2\/users\/1\/"}],"replies":[{"embeddable":true,"href":"https:\/\/www.sergiofoto.pl\/it\/wp-json\/wp\/v2\/comments\/?post=1461"}],"version-history":[{"count":6,"href":"https:\/\/www.sergiofoto.pl\/it\/wp-json\/wp\/v2\/pages\/1461\/revisions\/"}],"predecessor-version":[{"id":3094,"href":"https:\/\/www.sergiofoto.pl\/it\/wp-json\/wp\/v2\/pages\/1461\/revisions\/3094\/"}],"wp:featuredmedia":[{"embeddable":true,"href":"https:\/\/www.sergiofoto.pl\/it\/wp-json\/wp\/v2\/media\/2846\/"}],"wp:attachment":[{"href":"https:\/\/www.sergiofoto.pl\/it\/wp-json\/wp\/v2\/media\/?parent=1461"}],"curies":[{"name":"wp","href":"https:\/\/api.w.org\/{rel}","templated":true}]}}