{"id":2461,"date":"2015-02-27T17:48:43","date_gmt":"2015-02-27T16:48:43","guid":{"rendered":"http:\/\/sergiofoto.pl\/wedding-photography-wedding-photographer-warsaw\/pakiety-slubne-oferta-fotografii-slubnej-wycena\/"},"modified":"2015-10-27T21:56:16","modified_gmt":"2015-10-27T20:56:16","slug":"wedding-photography-packages-offer-and-prices","status":"publish","type":"page","link":"https:\/\/www.sergiofoto.pl\/en\/wedding-photography-wedding-photographer-warsaw\/wedding-photography-packages-offer-and-prices\/","title":{"rendered":"Wedding photography packages| Offer and prices"},"content":{"rendered":"<p>We offer our clients the below described wedding photography packages. Every package can be personalised\u00a0to meet the client&#8217;s needs. In order to know the prices, please <a title=\"CONTACT\" href=\"http:\/\/www.sergioloporto.com\/contact\/\" target=\"_blank\">contact us<\/a>.<\/p>\n<p>&nbsp;<\/p>\n<h2><strong>WEDDING CEREMONY\u00a0+ AFTER WEDDING\u00a0+\u00a0OUTDOOR EDITORIAL<\/strong><\/h2>\n<ul>\n<li>2 photographers<\/li>\n<li>Bride preparation<\/li>\n<li>Wedding ceremony<\/li>\n<li>After wedding<\/li>\n<li>Outdoor editorial photo shoot<\/li>\n<li>Photographs on DVD or Blu Ray with M-DISC technology (last 1000+ years according to the manufacturer, whereas normal discs 4-15 years)<\/li>\n<li>The DVD disc will be on a beautiful personalized and engraved case<\/li>\n<\/ul>\n<p>&nbsp;<\/p>\n<h2><strong>WEDDING CEREMONY +\u00a0OUTDOOR EDITORIAL<\/strong><\/h2>\n<ul>\n<li>2 photographers<\/li>\n<li>Bride preparation<\/li>\n<li>Wedding ceremony<\/li>\n<li>Outdoor editorial photo shoot<\/li>\n<li>Photographs on DVD or Blu Ray with M-DISC technology (last 1000+ years according to the manufacturer, whereas normal discs 4-15 years)<\/li>\n<li>The DVD disc will be on a beautiful personalized and engraved case<\/li>\n<\/ul>\n<p>&nbsp;<\/p>\n<h2><strong>OUTDOOR EDITORIAL<\/strong><\/h2>\n<ul>\n<li>1 photographer and 1 assistant<\/li>\n<li>Outdoor editorial photo shoot<\/li>\n<li>Photographs on DVD or Blu Ray with M-DISC technology (last 1000+ years according to the manufacturer, whereas normal discs 4-15 years)<\/li>\n<li>The DVD disc will be on a beautiful personalized and engraved case<\/li>\n<\/ul>\n<p>&nbsp;<\/p>\n<h2><strong>WEDDING CEREMONY<\/strong><\/h2>\n<ul>\n<li>2 photographers<\/li>\n<li>Bride preparation<\/li>\n<li>Wedding ceremony<\/li>\n<li>Photographs on DVD or Blu Ray with M-DISC technology (last 1000+ years according to the manufacturer, whereas normal discs 4-15 years)<\/li>\n<li>The DVD disc will be on a beautiful personalized and engraved case<\/li>\n<\/ul>\n<p>&nbsp;<\/p>\n<h2><strong>WESELE<\/strong><\/h2>\n<ul>\n<li>2 photographers<\/li>\n<li>Outdoor editorial photo shoot<\/li>\n<li>Photographs on DVD or Blu Ray with M-DISC technology (last 1000+ years according to the manufacturer, whereas normal discs 4-15 years)<\/li>\n<li>The DVD disc will be on a beautiful personalized and engraved case<\/li>\n<\/ul>\n<h2><\/h2>\n<h2>TAILOR MADE PACKAGES<\/h2>\n<p>Details discussed directly with our clients<\/p>\n","protected":false},"excerpt":{"rendered":"<p>We offer our clients the below described wedding photography packages. Every package can be personalised\u00a0to meet the client&#8217;s needs. In order to know the prices, please contact us. &nbsp; WEDDING CEREMONY\u00a0+ AFTER WEDDING\u00a0+\u00a0OUTDOOR EDITORIAL 2 photographers Bride preparation Wedding ceremony After wedding Outdoor editorial photo&#8230;<\/p>\n","protected":false},"author":1,"featured_media":2464,"parent":2357,"menu_order":0,"comment_status":"open","ping_status":"open","template":"","meta":{"footnotes":""},"class_list":["post-2461","page","type-page","status-publish","has-post-thumbnail","hentry"],"yoast_head":"<!-- This site is optimized with the Yoast SEO plugin v27.3 - https:\/\/yoast.com\/product\/yoast-seo-wordpress\/ -->\n<title>Wedding photography packages| Offer and prices | Fotograf Warszawa<\/title>\n<meta name=\"description\" content=\"Wedding photography packages description and prices in Europe. Wedding photographer packages offered to our clients. Two photographers. 2 photographeers. Dvd and engraved case.\" \/>\n<meta name=\"robots\" content=\"index, follow, max-snippet:-1, max-image-preview:large, max-video-preview:-1\" \/>\n<link rel=\"canonical\" href=\"https:\/\/www.sergiofoto.pl\/en\/wedding-photography-wedding-photographer-warsaw\/wedding-photography-packages-offer-and-prices\/\" \/>\n<meta property=\"og:locale\" content=\"en_US\" \/>\n<meta property=\"og:type\" content=\"article\" \/>\n<meta property=\"og:title\" content=\"Wedding photography packages| Offer and prices | Fotograf Warszawa\" \/>\n<meta property=\"og:description\" content=\"Wedding photography packages description and prices in Europe. Wedding photographer packages offered to our clients. Two photographers. 2 photographeers. Dvd and engraved case.\" \/>\n<meta property=\"og:url\" content=\"https:\/\/www.sergiofoto.pl\/en\/wedding-photography-wedding-photographer-warsaw\/wedding-photography-packages-offer-and-prices\/\" \/>\n<meta property=\"og:site_name\" content=\"Sergio&#039;s Photography - Fotografia... po w\u0142osku!\" \/>\n<meta property=\"article:publisher\" content=\"https:\/\/www.facebook.com\/sergiofotopl\" \/>\n<meta property=\"article:modified_time\" content=\"2015-10-27T20:56:16+00:00\" \/>\n<meta property=\"og:image\" content=\"https:\/\/www.sergiofoto.pl\/wp-content\/uploads\/2015\/01\/slub-martyna-artur-social-2.jpg\" \/>\n\t<meta property=\"og:image:width\" content=\"1000\" \/>\n\t<meta property=\"og:image:height\" content=\"667\" \/>\n\t<meta property=\"og:image:type\" content=\"image\/jpeg\" \/>\n<meta name=\"twitter:label1\" content=\"Est. reading time\" \/>\n\t<meta name=\"twitter:data1\" content=\"1 minute\" \/>\n<script type=\"application\/ld+json\" class=\"yoast-schema-graph\">{\"@context\":\"https:\\\/\\\/schema.org\",\"@graph\":[{\"@type\":\"WebPage\",\"@id\":\"https:\\\/\\\/www.sergiofoto.pl\\\/en\\\/wedding-photography-wedding-photographer-warsaw\\\/wedding-photography-packages-offer-and-prices\\\/\",\"url\":\"https:\\\/\\\/www.sergiofoto.pl\\\/en\\\/wedding-photography-wedding-photographer-warsaw\\\/wedding-photography-packages-offer-and-prices\\\/\",\"name\":\"Wedding photography packages| Offer and prices | Fotograf Warszawa\",\"isPartOf\":{\"@id\":\"http:\\\/\\\/www.sergiofoto.pl\\\/#website\"},\"primaryImageOfPage\":{\"@id\":\"https:\\\/\\\/www.sergiofoto.pl\\\/en\\\/wedding-photography-wedding-photographer-warsaw\\\/wedding-photography-packages-offer-and-prices\\\/#primaryimage\"},\"image\":{\"@id\":\"https:\\\/\\\/www.sergiofoto.pl\\\/en\\\/wedding-photography-wedding-photographer-warsaw\\\/wedding-photography-packages-offer-and-prices\\\/#primaryimage\"},\"thumbnailUrl\":\"https:\\\/\\\/www.sergiofoto.pl\\\/wp-content\\\/uploads\\\/2015\\\/01\\\/slub-martyna-artur-social-2.jpg\",\"datePublished\":\"2015-02-27T16:48:43+00:00\",\"dateModified\":\"2015-10-27T20:56:16+00:00\",\"description\":\"Wedding photography packages description and prices in Europe. Wedding photographer packages offered to our clients. Two photographers. 2 photographeers. Dvd and engraved case.\",\"breadcrumb\":{\"@id\":\"https:\\\/\\\/www.sergiofoto.pl\\\/en\\\/wedding-photography-wedding-photographer-warsaw\\\/wedding-photography-packages-offer-and-prices\\\/#breadcrumb\"},\"inLanguage\":\"en\",\"potentialAction\":[{\"@type\":\"ReadAction\",\"target\":[\"https:\\\/\\\/www.sergiofoto.pl\\\/en\\\/wedding-photography-wedding-photographer-warsaw\\\/wedding-photography-packages-offer-and-prices\\\/\"]}]},{\"@type\":\"ImageObject\",\"inLanguage\":\"en\",\"@id\":\"https:\\\/\\\/www.sergiofoto.pl\\\/en\\\/wedding-photography-wedding-photographer-warsaw\\\/wedding-photography-packages-offer-and-prices\\\/#primaryimage\",\"url\":\"https:\\\/\\\/www.sergiofoto.pl\\\/wp-content\\\/uploads\\\/2015\\\/01\\\/slub-martyna-artur-social-2.jpg\",\"contentUrl\":\"https:\\\/\\\/www.sergiofoto.pl\\\/wp-content\\\/uploads\\\/2015\\\/01\\\/slub-martyna-artur-social-2.jpg\",\"width\":1000,\"height\":667},{\"@type\":\"BreadcrumbList\",\"@id\":\"https:\\\/\\\/www.sergiofoto.pl\\\/en\\\/wedding-photography-wedding-photographer-warsaw\\\/wedding-photography-packages-offer-and-prices\\\/#breadcrumb\",\"itemListElement\":[{\"@type\":\"ListItem\",\"position\":1,\"name\":\"Home\",\"item\":\"https:\\\/\\\/www.sergiofoto.pl\\\/en\\\/\"},{\"@type\":\"ListItem\",\"position\":2,\"name\":\"Wedding Photography \u2013 Wedding Photographer Warsaw\",\"item\":\"https:\\\/\\\/www.sergiofoto.pl\\\/en\\\/wedding-photography-wedding-photographer-warsaw\\\/\"},{\"@type\":\"ListItem\",\"position\":3,\"name\":\"Wedding photography packages| Offer and prices\"}]},{\"@type\":\"WebSite\",\"@id\":\"http:\\\/\\\/www.sergiofoto.pl\\\/#website\",\"url\":\"http:\\\/\\\/www.sergiofoto.pl\\\/\",\"name\":\"Sergio's Photography - Fotografia... po w\u0142osku!\",\"description\":\"Fotograf \u015blubny, okoliczno\u015bciowy i dla dzieci Warszawa. Wyj\u0105tkowe fotografie makija\u017cu, portrety. Fotografia reklamowa. Sesje zdj\u0119ciowe w Warszawie w studio i w plenerze\",\"potentialAction\":[{\"@type\":\"SearchAction\",\"target\":{\"@type\":\"EntryPoint\",\"urlTemplate\":\"http:\\\/\\\/www.sergiofoto.pl\\\/?s={search_term_string}\"},\"query-input\":{\"@type\":\"PropertyValueSpecification\",\"valueRequired\":true,\"valueName\":\"search_term_string\"}}],\"inLanguage\":\"en\"}]}<\/script>\n<!-- \/ Yoast SEO plugin. -->","yoast_head_json":{"title":"Wedding photography packages| Offer and prices | Fotograf Warszawa","description":"Wedding photography packages description and prices in Europe. Wedding photographer packages offered to our clients. Two photographers. 2 photographeers. Dvd and engraved case.","robots":{"index":"index","follow":"follow","max-snippet":"max-snippet:-1","max-image-preview":"max-image-preview:large","max-video-preview":"max-video-preview:-1"},"canonical":"https:\/\/www.sergiofoto.pl\/en\/wedding-photography-wedding-photographer-warsaw\/wedding-photography-packages-offer-and-prices\/","og_locale":"en_US","og_type":"article","og_title":"Wedding photography packages| Offer and prices | Fotograf Warszawa","og_description":"Wedding photography packages description and prices in Europe. Wedding photographer packages offered to our clients. Two photographers. 2 photographeers. Dvd and engraved case.","og_url":"https:\/\/www.sergiofoto.pl\/en\/wedding-photography-wedding-photographer-warsaw\/wedding-photography-packages-offer-and-prices\/","og_site_name":"Sergio&#039;s Photography - Fotografia... po w\u0142osku!","article_publisher":"https:\/\/www.facebook.com\/sergiofotopl","article_modified_time":"2015-10-27T20:56:16+00:00","og_image":[{"width":1000,"height":667,"url":"https:\/\/www.sergiofoto.pl\/wp-content\/uploads\/2015\/01\/slub-martyna-artur-social-2.jpg","type":"image\/jpeg"}],"twitter_misc":{"Est. reading time":"1 minute"},"schema":{"@context":"https:\/\/schema.org","@graph":[{"@type":"WebPage","@id":"https:\/\/www.sergiofoto.pl\/en\/wedding-photography-wedding-photographer-warsaw\/wedding-photography-packages-offer-and-prices\/","url":"https:\/\/www.sergiofoto.pl\/en\/wedding-photography-wedding-photographer-warsaw\/wedding-photography-packages-offer-and-prices\/","name":"Wedding photography packages| Offer and prices | Fotograf Warszawa","isPartOf":{"@id":"http:\/\/www.sergiofoto.pl\/#website"},"primaryImageOfPage":{"@id":"https:\/\/www.sergiofoto.pl\/en\/wedding-photography-wedding-photographer-warsaw\/wedding-photography-packages-offer-and-prices\/#primaryimage"},"image":{"@id":"https:\/\/www.sergiofoto.pl\/en\/wedding-photography-wedding-photographer-warsaw\/wedding-photography-packages-offer-and-prices\/#primaryimage"},"thumbnailUrl":"https:\/\/www.sergiofoto.pl\/wp-content\/uploads\/2015\/01\/slub-martyna-artur-social-2.jpg","datePublished":"2015-02-27T16:48:43+00:00","dateModified":"2015-10-27T20:56:16+00:00","description":"Wedding photography packages description and prices in Europe. Wedding photographer packages offered to our clients. Two photographers. 2 photographeers. Dvd and engraved case.","breadcrumb":{"@id":"https:\/\/www.sergiofoto.pl\/en\/wedding-photography-wedding-photographer-warsaw\/wedding-photography-packages-offer-and-prices\/#breadcrumb"},"inLanguage":"en","potentialAction":[{"@type":"ReadAction","target":["https:\/\/www.sergiofoto.pl\/en\/wedding-photography-wedding-photographer-warsaw\/wedding-photography-packages-offer-and-prices\/"]}]},{"@type":"ImageObject","inLanguage":"en","@id":"https:\/\/www.sergiofoto.pl\/en\/wedding-photography-wedding-photographer-warsaw\/wedding-photography-packages-offer-and-prices\/#primaryimage","url":"https:\/\/www.sergiofoto.pl\/wp-content\/uploads\/2015\/01\/slub-martyna-artur-social-2.jpg","contentUrl":"https:\/\/www.sergiofoto.pl\/wp-content\/uploads\/2015\/01\/slub-martyna-artur-social-2.jpg","width":1000,"height":667},{"@type":"BreadcrumbList","@id":"https:\/\/www.sergiofoto.pl\/en\/wedding-photography-wedding-photographer-warsaw\/wedding-photography-packages-offer-and-prices\/#breadcrumb","itemListElement":[{"@type":"ListItem","position":1,"name":"Home","item":"https:\/\/www.sergiofoto.pl\/en\/"},{"@type":"ListItem","position":2,"name":"Wedding Photography \u2013 Wedding Photographer Warsaw","item":"https:\/\/www.sergiofoto.pl\/en\/wedding-photography-wedding-photographer-warsaw\/"},{"@type":"ListItem","position":3,"name":"Wedding photography packages| Offer and prices"}]},{"@type":"WebSite","@id":"http:\/\/www.sergiofoto.pl\/#website","url":"http:\/\/www.sergiofoto.pl\/","name":"Sergio's Photography - Fotografia... po w\u0142osku!","description":"Fotograf \u015blubny, okoliczno\u015bciowy i dla dzieci Warszawa. Wyj\u0105tkowe fotografie makija\u017cu, portrety. Fotografia reklamowa. Sesje zdj\u0119ciowe w Warszawie w studio i w plenerze","potentialAction":[{"@type":"SearchAction","target":{"@type":"EntryPoint","urlTemplate":"http:\/\/www.sergiofoto.pl\/?s={search_term_string}"},"query-input":{"@type":"PropertyValueSpecification","valueRequired":true,"valueName":"search_term_string"}}],"inLanguage":"en"}]}},"_links":{"self":[{"href":"https:\/\/www.sergiofoto.pl\/en\/wp-json\/wp\/v2\/pages\/2461\/"}],"collection":[{"href":"https:\/\/www.sergiofoto.pl\/en\/wp-json\/wp\/v2\/pages\/"}],"about":[{"href":"https:\/\/www.sergiofoto.pl\/en\/wp-json\/wp\/v2\/types\/page\/"}],"author":[{"embeddable":true,"href":"https:\/\/www.sergiofoto.pl\/en\/wp-json\/wp\/v2\/users\/1\/"}],"replies":[{"embeddable":true,"href":"https:\/\/www.sergiofoto.pl\/en\/wp-json\/wp\/v2\/comments\/?post=2461"}],"version-history":[{"count":3,"href":"https:\/\/www.sergiofoto.pl\/en\/wp-json\/wp\/v2\/pages\/2461\/revisions\/"}],"predecessor-version":[{"id":2465,"href":"https:\/\/www.sergiofoto.pl\/en\/wp-json\/wp\/v2\/pages\/2461\/revisions\/2465\/"}],"up":[{"embeddable":true,"href":"https:\/\/www.sergiofoto.pl\/en\/wp-json\/wp\/v2\/pages\/2357\/"}],"wp:featuredmedia":[{"embeddable":true,"href":"https:\/\/www.sergiofoto.pl\/en\/wp-json\/wp\/v2\/media\/2464\/"}],"wp:attachment":[{"href":"https:\/\/www.sergiofoto.pl\/en\/wp-json\/wp\/v2\/media\/?parent=2461"}],"curies":[{"name":"wp","href":"https:\/\/api.w.org\/{rel}","templated":true}]}}