{"id":2438,"date":"2014-01-19T17:13:17","date_gmt":"2014-01-19T16:13:17","guid":{"rendered":"http:\/\/sergiofoto.pl\/zdjecia-artystyczne-mystyczne-oryginalne-2\/"},"modified":"2015-10-27T21:57:27","modified_gmt":"2015-10-27T20:57:27","slug":"artistic-photography-mystic-photography","status":"publish","type":"page","link":"https:\/\/www.sergiofoto.pl\/en\/artistic-photography-mystic-photography\/","title":{"rendered":"Artistic photography, mystic photography"},"content":{"rendered":"<p style=\"text-align: center;\">Follow us on\u00a0<a title=\"Fotograf Warszawa - Facebook\" href=\"https:\/\/www.facebook.com\/pages\/Sergios-photography-Fotograf-Warszawa\/366880513364848\" target=\"_blank\">Facebook<\/a>:<\/p>\n<div style=\"text-align: center;\"><\/div>\n<p><strong>Are you looking for a professional photographer and have exclusive photos of yourself, family, child or a close person?<\/strong><br \/>\n<strong>You are in the right place &#8211; our team can assure you photographs that will impress even the most demanding people.<\/strong><\/p>\n<p>You don&#8217;t have to think about what to dress, about the\u00a0accessories or the makeup &#8211;\u00a0if you entrust us to make an artistic photo shoot, we can organize everything for you.<\/p>\n<p>Children grow up, people change and time\u00a0runs away, <em>carpe diem<\/em> &#8211; order a photo shoot today if you want to capture the moment and be proud of owning\u00a0a valuable piece of art.<\/p>\n<p>How to get ready for an artistic photoshoot?<\/p>\n<ul>\n<li>Get in contact with your photographer in order to make an appointment and decide on the concept of the photo shoot (you will receive suggestions about all that needs to be done so that the photos will look perfect)<\/li>\n<li>Come to the pre-established place and enjoy the photo shoot<\/li>\n<li>you will see soon the stunning effects of the artistic job ;)<\/li>\n<\/ul>\n<h1>Who can order an artistic photo shoot?<\/h1>\n<ul>\n<li>there are no limis &#8211; you, your friend or a family member<\/li>\n<li>if you are\u00a0thinking of making an original present to someone, an artistic photo shoot would be\u00a0a great gift for your girlfriend, wife, husband or friend, and of course for your self too!!!<\/li>\n<\/ul>\n<h1>What is the outcome of an artistic photo shoot?<\/h1>\n<ul>\n<li>here below you can see some examples of artistic photographs made by our team.<\/li>\n<li>take into account that according to our standards, artistic photographs are not an outcome of solely a good atmosphere in the photos, makup and styling\u00a0&#8211; post processing and retouch is an extremely important part of work &#8211; you can see it from the works. below :)<\/li>\n<li>the post-processing of 1 photograph takes from 4 to 7 hours and it is done in several photography editing programs<\/li>\n<li>in the end you will receive a poster in paper photography for free &#8211; this is our standard<\/li>\n<\/ul>\n<h1>What is the price?<\/h1>\n<p>You can order an artistic photograph\u00a0starting from 130 euro. Contact us for further details.<\/p>\n<p>&nbsp;<\/p>\n<p><a href=\"http:\/\/www.sergiofoto.pl\/wp-content\/uploads\/2014\/02\/anastasia-tolstay-mystic-by-sergiofotopl.jpg\"><img loading=\"lazy\" decoding=\"async\" class=\"aligncenter size-full wp-image-399\" src=\"http:\/\/www.sergiofoto.pl\/wp-content\/uploads\/2014\/02\/anastasia-tolstay-mystic-by-sergiofotopl.jpg\" alt=\"Anastasia Tolstay - mystic photography\" width=\"960\" height=\"640\" srcset=\"https:\/\/www.sergiofoto.pl\/wp-content\/uploads\/2014\/02\/anastasia-tolstay-mystic-by-sergiofotopl.jpg 960w, https:\/\/www.sergiofoto.pl\/wp-content\/uploads\/2014\/02\/anastasia-tolstay-mystic-by-sergiofotopl-300x200.jpg 300w\" sizes=\"auto, (max-width: 960px) 100vw, 960px\" \/><\/a><\/p>\n<p><a href=\"http:\/\/www.sergiofoto.pl\/wp-content\/uploads\/2013\/11\/magic-olga-960.jpg\"><img loading=\"lazy\" decoding=\"async\" class=\"aligncenter size-full wp-image-134\" src=\"http:\/\/www.sergiofoto.pl\/wp-content\/uploads\/2013\/11\/magic-olga-960.jpg\" alt=\"Olga, ballerina w lesie\" width=\"960\" height=\"640\" srcset=\"https:\/\/www.sergiofoto.pl\/wp-content\/uploads\/2013\/11\/magic-olga-960.jpg 960w, https:\/\/www.sergiofoto.pl\/wp-content\/uploads\/2013\/11\/magic-olga-960-300x200.jpg 300w\" sizes=\"auto, (max-width: 960px) 100vw, 960px\" \/><\/a><\/p>\n<p><a href=\"http:\/\/www.sergiofoto.pl\/wp-content\/uploads\/2013\/12\/bollicine.jpg\"><img loading=\"lazy\" decoding=\"async\" class=\"aligncenter size-full wp-image-174\" src=\"http:\/\/www.sergiofoto.pl\/wp-content\/uploads\/2013\/12\/bollicine.jpg\" alt=\"Soap bubbles and model photo\" width=\"960\" height=\"640\" srcset=\"https:\/\/www.sergiofoto.pl\/wp-content\/uploads\/2013\/12\/bollicine.jpg 960w, https:\/\/www.sergiofoto.pl\/wp-content\/uploads\/2013\/12\/bollicine-300x200.jpg 300w\" sizes=\"auto, (max-width: 960px) 100vw, 960px\" \/><\/a><\/p>\n<p><a href=\"http:\/\/www.sergiofoto.pl\/wp-content\/uploads\/2013\/11\/asian-magic-960.jpg\"><img loading=\"lazy\" decoding=\"async\" class=\"aligncenter size-full wp-image-139\" src=\"http:\/\/www.sergiofoto.pl\/wp-content\/uploads\/2013\/11\/asian-magic-960.jpg\" alt=\"An Asian model in a magic field\" width=\"960\" height=\"720\" srcset=\"https:\/\/www.sergiofoto.pl\/wp-content\/uploads\/2013\/11\/asian-magic-960.jpg 960w, https:\/\/www.sergiofoto.pl\/wp-content\/uploads\/2013\/11\/asian-magic-960-300x225.jpg 300w\" sizes=\"auto, (max-width: 960px) 100vw, 960px\" \/><\/a><\/p>\n<p><a href=\"http:\/\/www.sergiofoto.pl\/wp-content\/uploads\/2013\/11\/butterfly-olga-960.jpg\"><img loading=\"lazy\" decoding=\"async\" class=\"aligncenter size-full wp-image-136\" src=\"http:\/\/www.sergiofoto.pl\/wp-content\/uploads\/2013\/11\/butterfly-olga-960.jpg\" alt=\"Zdj\u0119cia artystyczne\" width=\"960\" height=\"640\" srcset=\"https:\/\/www.sergiofoto.pl\/wp-content\/uploads\/2013\/11\/butterfly-olga-960.jpg 960w, https:\/\/www.sergiofoto.pl\/wp-content\/uploads\/2013\/11\/butterfly-olga-960-300x200.jpg 300w\" sizes=\"auto, (max-width: 960px) 100vw, 960px\" \/><\/a><\/p>\n","protected":false},"excerpt":{"rendered":"<p>Follow us on\u00a0Facebook: Are you looking for a professional photographer and have exclusive photos of yourself, family, child or a close person? You are in the right place &#8211; our team can assure you photographs that will impress even the most demanding people. You don&#8217;t&#8230;<\/p>\n","protected":false},"author":1,"featured_media":151,"parent":0,"menu_order":0,"comment_status":"open","ping_status":"open","template":"","meta":{"footnotes":""},"class_list":["post-2438","page","type-page","status-publish","has-post-thumbnail","hentry"],"yoast_head":"<!-- This site is optimized with the Yoast SEO plugin v27.3 - https:\/\/yoast.com\/product\/yoast-seo-wordpress\/ -->\n<title>Artistic photography, mystic photography | Fotograf Warszawa<\/title>\n<meta name=\"description\" content=\"Order today an artistic photo. Artistic photo shoot of high quality. Many hours of work for each photograph. A great gift idea for yourself or a friend. Mystic photography\/\" \/>\n<meta name=\"robots\" content=\"index, follow, max-snippet:-1, max-image-preview:large, max-video-preview:-1\" \/>\n<link rel=\"canonical\" href=\"https:\/\/www.sergiofoto.pl\/en\/artistic-photography-mystic-photography\/\" \/>\n<meta property=\"og:locale\" content=\"en_US\" \/>\n<meta property=\"og:type\" content=\"article\" \/>\n<meta property=\"og:title\" content=\"Artistic photography, mystic photography | Fotograf Warszawa\" \/>\n<meta property=\"og:description\" content=\"Order today an artistic photo. Artistic photo shoot of high quality. Many hours of work for each photograph. A great gift idea for yourself or a friend. Mystic photography\/\" \/>\n<meta property=\"og:url\" content=\"https:\/\/www.sergiofoto.pl\/en\/artistic-photography-mystic-photography\/\" \/>\n<meta property=\"og:site_name\" content=\"Sergio&#039;s Photography - Fotografia... po w\u0142osku!\" \/>\n<meta property=\"article:publisher\" content=\"https:\/\/www.facebook.com\/sergiofotopl\" \/>\n<meta property=\"article:modified_time\" content=\"2015-10-27T20:57:27+00:00\" \/>\n<meta property=\"og:image\" content=\"https:\/\/www.sergiofoto.pl\/wp-content\/uploads\/2013\/11\/butterfly-1920.jpg\" \/>\n\t<meta property=\"og:image:width\" content=\"1920\" \/>\n\t<meta property=\"og:image:height\" content=\"1280\" \/>\n\t<meta property=\"og:image:type\" content=\"image\/jpeg\" \/>\n<meta name=\"twitter:label1\" content=\"Est. reading time\" \/>\n\t<meta name=\"twitter:data1\" content=\"2 minutes\" \/>\n<script type=\"application\/ld+json\" class=\"yoast-schema-graph\">{\"@context\":\"https:\\\/\\\/schema.org\",\"@graph\":[{\"@type\":\"WebPage\",\"@id\":\"https:\\\/\\\/www.sergiofoto.pl\\\/en\\\/artistic-photography-mystic-photography\\\/\",\"url\":\"https:\\\/\\\/www.sergiofoto.pl\\\/en\\\/artistic-photography-mystic-photography\\\/\",\"name\":\"Artistic photography, mystic photography | Fotograf Warszawa\",\"isPartOf\":{\"@id\":\"http:\\\/\\\/www.sergiofoto.pl\\\/#website\"},\"primaryImageOfPage\":{\"@id\":\"https:\\\/\\\/www.sergiofoto.pl\\\/en\\\/artistic-photography-mystic-photography\\\/#primaryimage\"},\"image\":{\"@id\":\"https:\\\/\\\/www.sergiofoto.pl\\\/en\\\/artistic-photography-mystic-photography\\\/#primaryimage\"},\"thumbnailUrl\":\"https:\\\/\\\/www.sergiofoto.pl\\\/wp-content\\\/uploads\\\/2013\\\/11\\\/butterfly-1920.jpg\",\"datePublished\":\"2014-01-19T16:13:17+00:00\",\"dateModified\":\"2015-10-27T20:57:27+00:00\",\"description\":\"Order today an artistic photo. Artistic photo shoot of high quality. Many hours of work for each photograph. A great gift idea for yourself or a friend. Mystic photography\\\/\",\"breadcrumb\":{\"@id\":\"https:\\\/\\\/www.sergiofoto.pl\\\/en\\\/artistic-photography-mystic-photography\\\/#breadcrumb\"},\"inLanguage\":\"en\",\"potentialAction\":[{\"@type\":\"ReadAction\",\"target\":[\"https:\\\/\\\/www.sergiofoto.pl\\\/en\\\/artistic-photography-mystic-photography\\\/\"]}]},{\"@type\":\"ImageObject\",\"inLanguage\":\"en\",\"@id\":\"https:\\\/\\\/www.sergiofoto.pl\\\/en\\\/artistic-photography-mystic-photography\\\/#primaryimage\",\"url\":\"https:\\\/\\\/www.sergiofoto.pl\\\/wp-content\\\/uploads\\\/2013\\\/11\\\/butterfly-1920.jpg\",\"contentUrl\":\"https:\\\/\\\/www.sergiofoto.pl\\\/wp-content\\\/uploads\\\/2013\\\/11\\\/butterfly-1920.jpg\",\"width\":1920,\"height\":1280,\"caption\":\"Mystic dancer alone in the forest\"},{\"@type\":\"BreadcrumbList\",\"@id\":\"https:\\\/\\\/www.sergiofoto.pl\\\/en\\\/artistic-photography-mystic-photography\\\/#breadcrumb\",\"itemListElement\":[{\"@type\":\"ListItem\",\"position\":1,\"name\":\"Home\",\"item\":\"https:\\\/\\\/www.sergiofoto.pl\\\/en\\\/\"},{\"@type\":\"ListItem\",\"position\":2,\"name\":\"Artistic photography, mystic photography\"}]},{\"@type\":\"WebSite\",\"@id\":\"http:\\\/\\\/www.sergiofoto.pl\\\/#website\",\"url\":\"http:\\\/\\\/www.sergiofoto.pl\\\/\",\"name\":\"Sergio's Photography - Fotografia... po w\u0142osku!\",\"description\":\"Fotograf \u015blubny, okoliczno\u015bciowy i dla dzieci Warszawa. Wyj\u0105tkowe fotografie makija\u017cu, portrety. Fotografia reklamowa. Sesje zdj\u0119ciowe w Warszawie w studio i w plenerze\",\"potentialAction\":[{\"@type\":\"SearchAction\",\"target\":{\"@type\":\"EntryPoint\",\"urlTemplate\":\"http:\\\/\\\/www.sergiofoto.pl\\\/?s={search_term_string}\"},\"query-input\":{\"@type\":\"PropertyValueSpecification\",\"valueRequired\":true,\"valueName\":\"search_term_string\"}}],\"inLanguage\":\"en\"}]}<\/script>\n<!-- \/ Yoast SEO plugin. -->","yoast_head_json":{"title":"Artistic photography, mystic photography | Fotograf Warszawa","description":"Order today an artistic photo. Artistic photo shoot of high quality. Many hours of work for each photograph. A great gift idea for yourself or a friend. Mystic photography\/","robots":{"index":"index","follow":"follow","max-snippet":"max-snippet:-1","max-image-preview":"max-image-preview:large","max-video-preview":"max-video-preview:-1"},"canonical":"https:\/\/www.sergiofoto.pl\/en\/artistic-photography-mystic-photography\/","og_locale":"en_US","og_type":"article","og_title":"Artistic photography, mystic photography | Fotograf Warszawa","og_description":"Order today an artistic photo. Artistic photo shoot of high quality. Many hours of work for each photograph. A great gift idea for yourself or a friend. Mystic photography\/","og_url":"https:\/\/www.sergiofoto.pl\/en\/artistic-photography-mystic-photography\/","og_site_name":"Sergio&#039;s Photography - Fotografia... po w\u0142osku!","article_publisher":"https:\/\/www.facebook.com\/sergiofotopl","article_modified_time":"2015-10-27T20:57:27+00:00","og_image":[{"width":1920,"height":1280,"url":"https:\/\/www.sergiofoto.pl\/wp-content\/uploads\/2013\/11\/butterfly-1920.jpg","type":"image\/jpeg"}],"twitter_misc":{"Est. reading time":"2 minutes"},"schema":{"@context":"https:\/\/schema.org","@graph":[{"@type":"WebPage","@id":"https:\/\/www.sergiofoto.pl\/en\/artistic-photography-mystic-photography\/","url":"https:\/\/www.sergiofoto.pl\/en\/artistic-photography-mystic-photography\/","name":"Artistic photography, mystic photography | Fotograf Warszawa","isPartOf":{"@id":"http:\/\/www.sergiofoto.pl\/#website"},"primaryImageOfPage":{"@id":"https:\/\/www.sergiofoto.pl\/en\/artistic-photography-mystic-photography\/#primaryimage"},"image":{"@id":"https:\/\/www.sergiofoto.pl\/en\/artistic-photography-mystic-photography\/#primaryimage"},"thumbnailUrl":"https:\/\/www.sergiofoto.pl\/wp-content\/uploads\/2013\/11\/butterfly-1920.jpg","datePublished":"2014-01-19T16:13:17+00:00","dateModified":"2015-10-27T20:57:27+00:00","description":"Order today an artistic photo. Artistic photo shoot of high quality. Many hours of work for each photograph. A great gift idea for yourself or a friend. Mystic photography\/","breadcrumb":{"@id":"https:\/\/www.sergiofoto.pl\/en\/artistic-photography-mystic-photography\/#breadcrumb"},"inLanguage":"en","potentialAction":[{"@type":"ReadAction","target":["https:\/\/www.sergiofoto.pl\/en\/artistic-photography-mystic-photography\/"]}]},{"@type":"ImageObject","inLanguage":"en","@id":"https:\/\/www.sergiofoto.pl\/en\/artistic-photography-mystic-photography\/#primaryimage","url":"https:\/\/www.sergiofoto.pl\/wp-content\/uploads\/2013\/11\/butterfly-1920.jpg","contentUrl":"https:\/\/www.sergiofoto.pl\/wp-content\/uploads\/2013\/11\/butterfly-1920.jpg","width":1920,"height":1280,"caption":"Mystic dancer alone in the forest"},{"@type":"BreadcrumbList","@id":"https:\/\/www.sergiofoto.pl\/en\/artistic-photography-mystic-photography\/#breadcrumb","itemListElement":[{"@type":"ListItem","position":1,"name":"Home","item":"https:\/\/www.sergiofoto.pl\/en\/"},{"@type":"ListItem","position":2,"name":"Artistic photography, mystic photography"}]},{"@type":"WebSite","@id":"http:\/\/www.sergiofoto.pl\/#website","url":"http:\/\/www.sergiofoto.pl\/","name":"Sergio's Photography - Fotografia... po w\u0142osku!","description":"Fotograf \u015blubny, okoliczno\u015bciowy i dla dzieci Warszawa. Wyj\u0105tkowe fotografie makija\u017cu, portrety. Fotografia reklamowa. Sesje zdj\u0119ciowe w Warszawie w studio i w plenerze","potentialAction":[{"@type":"SearchAction","target":{"@type":"EntryPoint","urlTemplate":"http:\/\/www.sergiofoto.pl\/?s={search_term_string}"},"query-input":{"@type":"PropertyValueSpecification","valueRequired":true,"valueName":"search_term_string"}}],"inLanguage":"en"}]}},"_links":{"self":[{"href":"https:\/\/www.sergiofoto.pl\/en\/wp-json\/wp\/v2\/pages\/2438\/"}],"collection":[{"href":"https:\/\/www.sergiofoto.pl\/en\/wp-json\/wp\/v2\/pages\/"}],"about":[{"href":"https:\/\/www.sergiofoto.pl\/en\/wp-json\/wp\/v2\/types\/page\/"}],"author":[{"embeddable":true,"href":"https:\/\/www.sergiofoto.pl\/en\/wp-json\/wp\/v2\/users\/1\/"}],"replies":[{"embeddable":true,"href":"https:\/\/www.sergiofoto.pl\/en\/wp-json\/wp\/v2\/comments\/?post=2438"}],"version-history":[{"count":2,"href":"https:\/\/www.sergiofoto.pl\/en\/wp-json\/wp\/v2\/pages\/2438\/revisions\/"}],"predecessor-version":[{"id":2440,"href":"https:\/\/www.sergiofoto.pl\/en\/wp-json\/wp\/v2\/pages\/2438\/revisions\/2440\/"}],"wp:featuredmedia":[{"embeddable":true,"href":"https:\/\/www.sergiofoto.pl\/en\/wp-json\/wp\/v2\/media\/151\/"}],"wp:attachment":[{"href":"https:\/\/www.sergiofoto.pl\/en\/wp-json\/wp\/v2\/media\/?parent=2438"}],"curies":[{"name":"wp","href":"https:\/\/api.w.org\/{rel}","templated":true}]}}