{"id":2431,"date":"2014-01-01T22:22:47","date_gmt":"2014-01-01T21:22:47","guid":{"rendered":"http:\/\/sergiofoto.pl\/zdjecia-ubran-produktow-akcesoriow-2\/"},"modified":"2015-11-10T14:53:51","modified_gmt":"2015-11-10T13:53:51","slug":"product-photography-clothing-and-accessories","status":"publish","type":"page","link":"https:\/\/www.sergiofoto.pl\/en\/product-photography-clothing-and-accessories\/","title":{"rendered":"Product photography, clothing and accessories"},"content":{"rendered":"<p style=\"text-align: center;\">Follow us on\u00a0<a title=\"Fotograf Warszawa - Facebook\" href=\"https:\/\/www.facebook.com\/pages\/Sergios-photography-Fotograf-Warszawa\/366880513364848\" target=\"_blank\">Facebook<\/a>:<\/p>\n<div style=\"text-align: center;\"><\/div>\n<p>Do\u00a0you pay attention to details? Not only the quality of the presented products should be at the right level, but also advertisement photographs should meet high quality criteria.<\/p>\n<p>Perhaps you already hired a <strong>&#8220;good photographer&#8221;<\/strong>, but he couldn&#8217;t understand your\u00a0expectations\u00a0and the effects of the photo shoot were not what you wanted to achieve?\u00a0Time to change it and give\u00a0all the work in the hands of specialists.<\/p>\n<h2>We assure<\/h2>\n<ul>\n<li>Professional high quality product photography, accessories, clothing, etc.<\/li>\n<li>Cooperation with the best fashion specialists and photographers. People full of passion and ideas to present your products.<\/li>\n<li>You decide how your products should look like, we suggest, but not dictate.<\/li>\n<\/ul>\n","protected":false},"excerpt":{"rendered":"<p>Follow us on\u00a0Facebook: Do\u00a0you pay attention to details? Not only the quality of the presented products should be at the right level, but also advertisement photographs should meet high quality criteria. Perhaps you already hired a &#8220;good photographer&#8221;, but he couldn&#8217;t understand your\u00a0expectations\u00a0and the effects&#8230;<\/p>\n","protected":false},"author":1,"featured_media":2432,"parent":0,"menu_order":0,"comment_status":"open","ping_status":"closed","template":"","meta":{"footnotes":""},"class_list":["post-2431","page","type-page","status-publish","has-post-thumbnail","hentry"],"yoast_head":"<!-- This site is optimized with the Yoast SEO plugin v27.3 - https:\/\/yoast.com\/product\/yoast-seo-wordpress\/ -->\n<title>Clothing photographer, product photography and accessories<\/title>\n<meta name=\"description\" content=\"Professional high quality product photography, accessories, clothing. Packshots and shop photography. Clothing photographer - Warsaw and else.\" \/>\n<meta name=\"robots\" content=\"index, follow, max-snippet:-1, max-image-preview:large, max-video-preview:-1\" \/>\n<link rel=\"canonical\" href=\"https:\/\/www.sergiofoto.pl\/en\/product-photography-clothing-and-accessories\/\" \/>\n<meta property=\"og:locale\" content=\"en_US\" \/>\n<meta property=\"og:type\" content=\"article\" \/>\n<meta property=\"og:title\" content=\"Clothing photographer, product photography and accessories\" \/>\n<meta property=\"og:description\" content=\"Professional high quality product photography, accessories, clothing. Packshots and shop photography. Clothing photographer - Warsaw and else.\" \/>\n<meta property=\"og:url\" content=\"https:\/\/www.sergiofoto.pl\/en\/product-photography-clothing-and-accessories\/\" \/>\n<meta property=\"og:site_name\" content=\"Sergio&#039;s Photography - Fotografia... po w\u0142osku!\" \/>\n<meta property=\"article:publisher\" content=\"https:\/\/www.facebook.com\/sergiofotopl\" \/>\n<meta property=\"article:modified_time\" content=\"2015-11-10T13:53:51+00:00\" \/>\n<meta property=\"og:image\" content=\"https:\/\/www.sergiofoto.pl\/wp-content\/uploads\/2014\/01\/fotograf-akcesoriow-packshotow-dodatki-ubran.jpg\" \/>\n\t<meta property=\"og:image:width\" content=\"960\" \/>\n\t<meta property=\"og:image:height\" content=\"640\" \/>\n\t<meta property=\"og:image:type\" content=\"image\/jpeg\" \/>\n<meta name=\"twitter:label1\" content=\"Est. reading time\" \/>\n\t<meta name=\"twitter:data1\" content=\"1 minute\" \/>\n<script type=\"application\/ld+json\" class=\"yoast-schema-graph\">{\"@context\":\"https:\\\/\\\/schema.org\",\"@graph\":[{\"@type\":\"WebPage\",\"@id\":\"https:\\\/\\\/www.sergiofoto.pl\\\/en\\\/product-photography-clothing-and-accessories\\\/\",\"url\":\"https:\\\/\\\/www.sergiofoto.pl\\\/en\\\/product-photography-clothing-and-accessories\\\/\",\"name\":\"Clothing photographer, product photography and accessories\",\"isPartOf\":{\"@id\":\"http:\\\/\\\/www.sergiofoto.pl\\\/#website\"},\"primaryImageOfPage\":{\"@id\":\"https:\\\/\\\/www.sergiofoto.pl\\\/en\\\/product-photography-clothing-and-accessories\\\/#primaryimage\"},\"image\":{\"@id\":\"https:\\\/\\\/www.sergiofoto.pl\\\/en\\\/product-photography-clothing-and-accessories\\\/#primaryimage\"},\"thumbnailUrl\":\"https:\\\/\\\/www.sergiofoto.pl\\\/wp-content\\\/uploads\\\/2014\\\/01\\\/fotograf-akcesoriow-packshotow-dodatki-ubran.jpg\",\"datePublished\":\"2014-01-01T21:22:47+00:00\",\"dateModified\":\"2015-11-10T13:53:51+00:00\",\"description\":\"Professional high quality product photography, accessories, clothing. Packshots and shop photography. Clothing photographer - Warsaw and else.\",\"breadcrumb\":{\"@id\":\"https:\\\/\\\/www.sergiofoto.pl\\\/en\\\/product-photography-clothing-and-accessories\\\/#breadcrumb\"},\"inLanguage\":\"en\",\"potentialAction\":[{\"@type\":\"ReadAction\",\"target\":[\"https:\\\/\\\/www.sergiofoto.pl\\\/en\\\/product-photography-clothing-and-accessories\\\/\"]}]},{\"@type\":\"ImageObject\",\"inLanguage\":\"en\",\"@id\":\"https:\\\/\\\/www.sergiofoto.pl\\\/en\\\/product-photography-clothing-and-accessories\\\/#primaryimage\",\"url\":\"https:\\\/\\\/www.sergiofoto.pl\\\/wp-content\\\/uploads\\\/2014\\\/01\\\/fotograf-akcesoriow-packshotow-dodatki-ubran.jpg\",\"contentUrl\":\"https:\\\/\\\/www.sergiofoto.pl\\\/wp-content\\\/uploads\\\/2014\\\/01\\\/fotograf-akcesoriow-packshotow-dodatki-ubran.jpg\",\"width\":960,\"height\":640},{\"@type\":\"BreadcrumbList\",\"@id\":\"https:\\\/\\\/www.sergiofoto.pl\\\/en\\\/product-photography-clothing-and-accessories\\\/#breadcrumb\",\"itemListElement\":[{\"@type\":\"ListItem\",\"position\":1,\"name\":\"Home\",\"item\":\"https:\\\/\\\/www.sergiofoto.pl\\\/en\\\/\"},{\"@type\":\"ListItem\",\"position\":2,\"name\":\"Product photography, clothing and accessories\"}]},{\"@type\":\"WebSite\",\"@id\":\"http:\\\/\\\/www.sergiofoto.pl\\\/#website\",\"url\":\"http:\\\/\\\/www.sergiofoto.pl\\\/\",\"name\":\"Sergio's Photography - Fotografia... po w\u0142osku!\",\"description\":\"Fotograf \u015blubny, okoliczno\u015bciowy i dla dzieci Warszawa. Wyj\u0105tkowe fotografie makija\u017cu, portrety. Fotografia reklamowa. Sesje zdj\u0119ciowe w Warszawie w studio i w plenerze\",\"potentialAction\":[{\"@type\":\"SearchAction\",\"target\":{\"@type\":\"EntryPoint\",\"urlTemplate\":\"http:\\\/\\\/www.sergiofoto.pl\\\/?s={search_term_string}\"},\"query-input\":{\"@type\":\"PropertyValueSpecification\",\"valueRequired\":true,\"valueName\":\"search_term_string\"}}],\"inLanguage\":\"en\"}]}<\/script>\n<!-- \/ Yoast SEO plugin. -->","yoast_head_json":{"title":"Clothing photographer, product photography and accessories","description":"Professional high quality product photography, accessories, clothing. Packshots and shop photography. Clothing photographer - Warsaw and else.","robots":{"index":"index","follow":"follow","max-snippet":"max-snippet:-1","max-image-preview":"max-image-preview:large","max-video-preview":"max-video-preview:-1"},"canonical":"https:\/\/www.sergiofoto.pl\/en\/product-photography-clothing-and-accessories\/","og_locale":"en_US","og_type":"article","og_title":"Clothing photographer, product photography and accessories","og_description":"Professional high quality product photography, accessories, clothing. Packshots and shop photography. Clothing photographer - Warsaw and else.","og_url":"https:\/\/www.sergiofoto.pl\/en\/product-photography-clothing-and-accessories\/","og_site_name":"Sergio&#039;s Photography - Fotografia... po w\u0142osku!","article_publisher":"https:\/\/www.facebook.com\/sergiofotopl","article_modified_time":"2015-11-10T13:53:51+00:00","og_image":[{"width":960,"height":640,"url":"https:\/\/www.sergiofoto.pl\/wp-content\/uploads\/2014\/01\/fotograf-akcesoriow-packshotow-dodatki-ubran.jpg","type":"image\/jpeg"}],"twitter_misc":{"Est. reading time":"1 minute"},"schema":{"@context":"https:\/\/schema.org","@graph":[{"@type":"WebPage","@id":"https:\/\/www.sergiofoto.pl\/en\/product-photography-clothing-and-accessories\/","url":"https:\/\/www.sergiofoto.pl\/en\/product-photography-clothing-and-accessories\/","name":"Clothing photographer, product photography and accessories","isPartOf":{"@id":"http:\/\/www.sergiofoto.pl\/#website"},"primaryImageOfPage":{"@id":"https:\/\/www.sergiofoto.pl\/en\/product-photography-clothing-and-accessories\/#primaryimage"},"image":{"@id":"https:\/\/www.sergiofoto.pl\/en\/product-photography-clothing-and-accessories\/#primaryimage"},"thumbnailUrl":"https:\/\/www.sergiofoto.pl\/wp-content\/uploads\/2014\/01\/fotograf-akcesoriow-packshotow-dodatki-ubran.jpg","datePublished":"2014-01-01T21:22:47+00:00","dateModified":"2015-11-10T13:53:51+00:00","description":"Professional high quality product photography, accessories, clothing. Packshots and shop photography. Clothing photographer - Warsaw and else.","breadcrumb":{"@id":"https:\/\/www.sergiofoto.pl\/en\/product-photography-clothing-and-accessories\/#breadcrumb"},"inLanguage":"en","potentialAction":[{"@type":"ReadAction","target":["https:\/\/www.sergiofoto.pl\/en\/product-photography-clothing-and-accessories\/"]}]},{"@type":"ImageObject","inLanguage":"en","@id":"https:\/\/www.sergiofoto.pl\/en\/product-photography-clothing-and-accessories\/#primaryimage","url":"https:\/\/www.sergiofoto.pl\/wp-content\/uploads\/2014\/01\/fotograf-akcesoriow-packshotow-dodatki-ubran.jpg","contentUrl":"https:\/\/www.sergiofoto.pl\/wp-content\/uploads\/2014\/01\/fotograf-akcesoriow-packshotow-dodatki-ubran.jpg","width":960,"height":640},{"@type":"BreadcrumbList","@id":"https:\/\/www.sergiofoto.pl\/en\/product-photography-clothing-and-accessories\/#breadcrumb","itemListElement":[{"@type":"ListItem","position":1,"name":"Home","item":"https:\/\/www.sergiofoto.pl\/en\/"},{"@type":"ListItem","position":2,"name":"Product photography, clothing and accessories"}]},{"@type":"WebSite","@id":"http:\/\/www.sergiofoto.pl\/#website","url":"http:\/\/www.sergiofoto.pl\/","name":"Sergio's Photography - Fotografia... po w\u0142osku!","description":"Fotograf \u015blubny, okoliczno\u015bciowy i dla dzieci Warszawa. Wyj\u0105tkowe fotografie makija\u017cu, portrety. Fotografia reklamowa. Sesje zdj\u0119ciowe w Warszawie w studio i w plenerze","potentialAction":[{"@type":"SearchAction","target":{"@type":"EntryPoint","urlTemplate":"http:\/\/www.sergiofoto.pl\/?s={search_term_string}"},"query-input":{"@type":"PropertyValueSpecification","valueRequired":true,"valueName":"search_term_string"}}],"inLanguage":"en"}]}},"_links":{"self":[{"href":"https:\/\/www.sergiofoto.pl\/en\/wp-json\/wp\/v2\/pages\/2431\/"}],"collection":[{"href":"https:\/\/www.sergiofoto.pl\/en\/wp-json\/wp\/v2\/pages\/"}],"about":[{"href":"https:\/\/www.sergiofoto.pl\/en\/wp-json\/wp\/v2\/types\/page\/"}],"author":[{"embeddable":true,"href":"https:\/\/www.sergiofoto.pl\/en\/wp-json\/wp\/v2\/users\/1\/"}],"replies":[{"embeddable":true,"href":"https:\/\/www.sergiofoto.pl\/en\/wp-json\/wp\/v2\/comments\/?post=2431"}],"version-history":[{"count":5,"href":"https:\/\/www.sergiofoto.pl\/en\/wp-json\/wp\/v2\/pages\/2431\/revisions\/"}],"predecessor-version":[{"id":3196,"href":"https:\/\/www.sergiofoto.pl\/en\/wp-json\/wp\/v2\/pages\/2431\/revisions\/3196\/"}],"wp:featuredmedia":[{"embeddable":true,"href":"https:\/\/www.sergiofoto.pl\/en\/wp-json\/wp\/v2\/media\/2432\/"}],"wp:attachment":[{"href":"https:\/\/www.sergiofoto.pl\/en\/wp-json\/wp\/v2\/media\/?parent=2431"}],"curies":[{"name":"wp","href":"https:\/\/api.w.org\/{rel}","templated":true}]}}