{"id":2381,"date":"2014-01-01T20:16:24","date_gmt":"2014-01-01T19:16:24","guid":{"rendered":"http:\/\/sergiofoto.pl\/pokazy-mody-2\/"},"modified":"2015-02-20T22:14:27","modified_gmt":"2015-02-20T21:14:27","slug":"fashion-shows","status":"publish","type":"page","link":"https:\/\/www.sergiofoto.pl\/en\/fashion-shows\/","title":{"rendered":"Fashion shows"},"content":{"rendered":"<div id=\"attachment_220\" style=\"width: 410px\" class=\"wp-caption alignright\"><a href=\"http:\/\/www.sergiofoto.pl\/wp-content\/uploads\/2013\/12\/pokaz-przybylskiego-1-thumb.jpg\"><img loading=\"lazy\" decoding=\"async\" aria-describedby=\"caption-attachment-220\" class=\"size-full wp-image-220 \" src=\"http:\/\/www.sergiofoto.pl\/wp-content\/uploads\/2013\/12\/pokaz-przybylskiego-1-thumb.jpg\" alt=\"Pokaz mody - Mariusz Przybylski\" width=\"400\" height=\"600\" \/><\/a><p id=\"caption-attachment-220\" class=\"wp-caption-text\">Pokaz mody &#8211; Mariusz Przybylski<\/p><\/div>\n<p style=\"text-align: center;\">Follow us on\u00a0<a title=\"Fotograf Warszawa - Facebook\" href=\"https:\/\/www.facebook.com\/pages\/Sergios-photography-Fotograf-Warszawa\/366880513364848\" target=\"_blank\">Facebook<\/a><\/p>\n<p>&nbsp;<\/p>\n<p>Do you know how it is when you feel that you are better than your competitors?\u00a0Do you believe that your products and textiles are of good quality and are worth attention? Why don&#8217;t you have so many clients as you deserve?<\/p>\n<p>It&#8217;s all about the quality of how the products are presented. You can create an outstanding collection, but if\u00a0the photos taken during the fashion show will be trashy, the clothes will most probably be unnoticed from the right audience\/<\/p>\n<p>What do you gain by working with our company?<\/p>\n<h2>What are the ADVANTAGES for you?<\/h2>\n<ul>\n<li>We adapt to the client&#8217;s needs and set &#8211; you are ordering and we listen;<\/li>\n<li>Personalised photographic orders:\u00a0catwalk photography, details of garments, backstage photography, artistic photos and fashion;<\/li>\n<li>We showcase your products in a professional way &#8211; during the show or in studio. No hassle in searching the place, we think about it.<\/li>\n<li>Team of 2 or 3 photographers &#8211; we<\/li>\n<li>Zesp\u00f3\u0142 sk\u0142adaj\u0105cy si\u0119\u00a0z 1-3 profesjonalnych fotograf\u00f3w (we will organize according to your needs),\u00a0which will provide you with pictures taken from different angles and perspectives;<\/li>\n<li>Professional post processing and photo editing for the most demanding customers<\/li>\n<\/ul>\n","protected":false},"excerpt":{"rendered":"<p>Follow us on\u00a0Facebook &nbsp; Do you know how it is when you feel that you are better than your competitors?\u00a0Do you believe that your products and textiles are of good quality and are worth attention? Why don&#8217;t you have so many clients as you deserve?&#8230;<\/p>\n","protected":false},"author":1,"featured_media":222,"parent":0,"menu_order":0,"comment_status":"open","ping_status":"open","template":"page-fullwidth.php","meta":{"footnotes":""},"class_list":["post-2381","page","type-page","status-publish","has-post-thumbnail","hentry"],"yoast_head":"<!-- This site is optimized with the Yoast SEO plugin v27.3 - https:\/\/yoast.com\/product\/yoast-seo-wordpress\/ -->\n<title>Italian fashion photographers - Fashion shows, clothes - Warsaw photographer<\/title>\n<meta name=\"description\" content=\"Customized photography orders. Italian fashion photographer. Fashion shows photos, clothes details, backstage. Team of 1 to 3 professional photographers.\" \/>\n<meta name=\"robots\" content=\"index, follow, max-snippet:-1, max-image-preview:large, max-video-preview:-1\" \/>\n<link rel=\"canonical\" href=\"https:\/\/www.sergiofoto.pl\/en\/fashion-shows\/\" \/>\n<meta property=\"og:locale\" content=\"en_US\" \/>\n<meta property=\"og:type\" content=\"article\" \/>\n<meta property=\"og:title\" content=\"Italian fashion photographers - Fashion shows, clothes - Warsaw photographer\" \/>\n<meta property=\"og:description\" content=\"Customized photography orders. Italian fashion photographer. Fashion shows photos, clothes details, backstage. Team of 1 to 3 professional photographers.\" \/>\n<meta property=\"og:url\" content=\"https:\/\/www.sergiofoto.pl\/en\/fashion-shows\/\" \/>\n<meta property=\"og:site_name\" content=\"Sergio&#039;s Photography - Fotografia... po w\u0142osku!\" \/>\n<meta property=\"article:publisher\" content=\"https:\/\/www.facebook.com\/sergiofotopl\" \/>\n<meta property=\"article:modified_time\" content=\"2015-02-20T21:14:27+00:00\" \/>\n<meta property=\"og:image\" content=\"https:\/\/www.sergiofoto.pl\/wp-content\/uploads\/2013\/12\/pokaz-przybylskiego-3-960.jpg\" \/>\n\t<meta property=\"og:image:width\" content=\"1\" \/>\n\t<meta property=\"og:image:height\" content=\"1\" \/>\n\t<meta property=\"og:image:type\" content=\"image\/jpeg\" \/>\n<meta name=\"twitter:label1\" content=\"Est. reading time\" \/>\n\t<meta name=\"twitter:data1\" content=\"1 minute\" \/>\n<script type=\"application\/ld+json\" class=\"yoast-schema-graph\">{\"@context\":\"https:\\\/\\\/schema.org\",\"@graph\":[{\"@type\":\"WebPage\",\"@id\":\"https:\\\/\\\/www.sergiofoto.pl\\\/en\\\/fashion-shows\\\/\",\"url\":\"https:\\\/\\\/www.sergiofoto.pl\\\/en\\\/fashion-shows\\\/\",\"name\":\"Italian fashion photographers - Fashion shows, clothes - Warsaw photographer\",\"isPartOf\":{\"@id\":\"http:\\\/\\\/www.sergiofoto.pl\\\/#website\"},\"primaryImageOfPage\":{\"@id\":\"https:\\\/\\\/www.sergiofoto.pl\\\/en\\\/fashion-shows\\\/#primaryimage\"},\"image\":{\"@id\":\"https:\\\/\\\/www.sergiofoto.pl\\\/en\\\/fashion-shows\\\/#primaryimage\"},\"thumbnailUrl\":\"https:\\\/\\\/www.sergiofoto.pl\\\/wp-content\\\/uploads\\\/2013\\\/12\\\/pokaz-przybylskiego-3-960.jpg\",\"datePublished\":\"2014-01-01T19:16:24+00:00\",\"dateModified\":\"2015-02-20T21:14:27+00:00\",\"description\":\"Customized photography orders. Italian fashion photographer. Fashion shows photos, clothes details, backstage. Team of 1 to 3 professional photographers.\",\"breadcrumb\":{\"@id\":\"https:\\\/\\\/www.sergiofoto.pl\\\/en\\\/fashion-shows\\\/#breadcrumb\"},\"inLanguage\":\"en\",\"potentialAction\":[{\"@type\":\"ReadAction\",\"target\":[\"https:\\\/\\\/www.sergiofoto.pl\\\/en\\\/fashion-shows\\\/\"]}]},{\"@type\":\"ImageObject\",\"inLanguage\":\"en\",\"@id\":\"https:\\\/\\\/www.sergiofoto.pl\\\/en\\\/fashion-shows\\\/#primaryimage\",\"url\":\"https:\\\/\\\/www.sergiofoto.pl\\\/wp-content\\\/uploads\\\/2013\\\/12\\\/pokaz-przybylskiego-3-960.jpg\",\"contentUrl\":\"https:\\\/\\\/www.sergiofoto.pl\\\/wp-content\\\/uploads\\\/2013\\\/12\\\/pokaz-przybylskiego-3-960.jpg\",\"caption\":\"Modelki na pokazie Przybylskiego\"},{\"@type\":\"BreadcrumbList\",\"@id\":\"https:\\\/\\\/www.sergiofoto.pl\\\/en\\\/fashion-shows\\\/#breadcrumb\",\"itemListElement\":[{\"@type\":\"ListItem\",\"position\":1,\"name\":\"Home\",\"item\":\"https:\\\/\\\/www.sergiofoto.pl\\\/en\\\/\"},{\"@type\":\"ListItem\",\"position\":2,\"name\":\"Fashion shows\"}]},{\"@type\":\"WebSite\",\"@id\":\"http:\\\/\\\/www.sergiofoto.pl\\\/#website\",\"url\":\"http:\\\/\\\/www.sergiofoto.pl\\\/\",\"name\":\"Sergio's Photography - Fotografia... po w\u0142osku!\",\"description\":\"Fotograf \u015blubny, okoliczno\u015bciowy i dla dzieci Warszawa. Wyj\u0105tkowe fotografie makija\u017cu, portrety. Fotografia reklamowa. Sesje zdj\u0119ciowe w Warszawie w studio i w plenerze\",\"potentialAction\":[{\"@type\":\"SearchAction\",\"target\":{\"@type\":\"EntryPoint\",\"urlTemplate\":\"http:\\\/\\\/www.sergiofoto.pl\\\/?s={search_term_string}\"},\"query-input\":{\"@type\":\"PropertyValueSpecification\",\"valueRequired\":true,\"valueName\":\"search_term_string\"}}],\"inLanguage\":\"en\"}]}<\/script>\n<!-- \/ Yoast SEO plugin. -->","yoast_head_json":{"title":"Italian fashion photographers - Fashion shows, clothes - Warsaw photographer","description":"Customized photography orders. Italian fashion photographer. Fashion shows photos, clothes details, backstage. Team of 1 to 3 professional photographers.","robots":{"index":"index","follow":"follow","max-snippet":"max-snippet:-1","max-image-preview":"max-image-preview:large","max-video-preview":"max-video-preview:-1"},"canonical":"https:\/\/www.sergiofoto.pl\/en\/fashion-shows\/","og_locale":"en_US","og_type":"article","og_title":"Italian fashion photographers - Fashion shows, clothes - Warsaw photographer","og_description":"Customized photography orders. Italian fashion photographer. Fashion shows photos, clothes details, backstage. Team of 1 to 3 professional photographers.","og_url":"https:\/\/www.sergiofoto.pl\/en\/fashion-shows\/","og_site_name":"Sergio&#039;s Photography - Fotografia... po w\u0142osku!","article_publisher":"https:\/\/www.facebook.com\/sergiofotopl","article_modified_time":"2015-02-20T21:14:27+00:00","og_image":[{"url":"https:\/\/www.sergiofoto.pl\/wp-content\/uploads\/2013\/12\/pokaz-przybylskiego-3-960.jpg","width":1,"height":1,"type":"image\/jpeg"}],"twitter_misc":{"Est. reading time":"1 minute"},"schema":{"@context":"https:\/\/schema.org","@graph":[{"@type":"WebPage","@id":"https:\/\/www.sergiofoto.pl\/en\/fashion-shows\/","url":"https:\/\/www.sergiofoto.pl\/en\/fashion-shows\/","name":"Italian fashion photographers - Fashion shows, clothes - Warsaw photographer","isPartOf":{"@id":"http:\/\/www.sergiofoto.pl\/#website"},"primaryImageOfPage":{"@id":"https:\/\/www.sergiofoto.pl\/en\/fashion-shows\/#primaryimage"},"image":{"@id":"https:\/\/www.sergiofoto.pl\/en\/fashion-shows\/#primaryimage"},"thumbnailUrl":"https:\/\/www.sergiofoto.pl\/wp-content\/uploads\/2013\/12\/pokaz-przybylskiego-3-960.jpg","datePublished":"2014-01-01T19:16:24+00:00","dateModified":"2015-02-20T21:14:27+00:00","description":"Customized photography orders. Italian fashion photographer. Fashion shows photos, clothes details, backstage. Team of 1 to 3 professional photographers.","breadcrumb":{"@id":"https:\/\/www.sergiofoto.pl\/en\/fashion-shows\/#breadcrumb"},"inLanguage":"en","potentialAction":[{"@type":"ReadAction","target":["https:\/\/www.sergiofoto.pl\/en\/fashion-shows\/"]}]},{"@type":"ImageObject","inLanguage":"en","@id":"https:\/\/www.sergiofoto.pl\/en\/fashion-shows\/#primaryimage","url":"https:\/\/www.sergiofoto.pl\/wp-content\/uploads\/2013\/12\/pokaz-przybylskiego-3-960.jpg","contentUrl":"https:\/\/www.sergiofoto.pl\/wp-content\/uploads\/2013\/12\/pokaz-przybylskiego-3-960.jpg","caption":"Modelki na pokazie Przybylskiego"},{"@type":"BreadcrumbList","@id":"https:\/\/www.sergiofoto.pl\/en\/fashion-shows\/#breadcrumb","itemListElement":[{"@type":"ListItem","position":1,"name":"Home","item":"https:\/\/www.sergiofoto.pl\/en\/"},{"@type":"ListItem","position":2,"name":"Fashion shows"}]},{"@type":"WebSite","@id":"http:\/\/www.sergiofoto.pl\/#website","url":"http:\/\/www.sergiofoto.pl\/","name":"Sergio's Photography - Fotografia... po w\u0142osku!","description":"Fotograf \u015blubny, okoliczno\u015bciowy i dla dzieci Warszawa. Wyj\u0105tkowe fotografie makija\u017cu, portrety. Fotografia reklamowa. Sesje zdj\u0119ciowe w Warszawie w studio i w plenerze","potentialAction":[{"@type":"SearchAction","target":{"@type":"EntryPoint","urlTemplate":"http:\/\/www.sergiofoto.pl\/?s={search_term_string}"},"query-input":{"@type":"PropertyValueSpecification","valueRequired":true,"valueName":"search_term_string"}}],"inLanguage":"en"}]}},"_links":{"self":[{"href":"https:\/\/www.sergiofoto.pl\/en\/wp-json\/wp\/v2\/pages\/2381\/"}],"collection":[{"href":"https:\/\/www.sergiofoto.pl\/en\/wp-json\/wp\/v2\/pages\/"}],"about":[{"href":"https:\/\/www.sergiofoto.pl\/en\/wp-json\/wp\/v2\/types\/page\/"}],"author":[{"embeddable":true,"href":"https:\/\/www.sergiofoto.pl\/en\/wp-json\/wp\/v2\/users\/1\/"}],"replies":[{"embeddable":true,"href":"https:\/\/www.sergiofoto.pl\/en\/wp-json\/wp\/v2\/comments\/?post=2381"}],"version-history":[{"count":3,"href":"https:\/\/www.sergiofoto.pl\/en\/wp-json\/wp\/v2\/pages\/2381\/revisions\/"}],"predecessor-version":[{"id":2384,"href":"https:\/\/www.sergiofoto.pl\/en\/wp-json\/wp\/v2\/pages\/2381\/revisions\/2384\/"}],"wp:featuredmedia":[{"embeddable":true,"href":"https:\/\/www.sergiofoto.pl\/en\/wp-json\/wp\/v2\/media\/222\/"}],"wp:attachment":[{"href":"https:\/\/www.sergiofoto.pl\/en\/wp-json\/wp\/v2\/media\/?parent=2381"}],"curies":[{"name":"wp","href":"https:\/\/api.w.org\/{rel}","templated":true}]}}