{"id":2304,"date":"2015-02-01T14:26:58","date_gmt":"2015-02-01T13:26:58","guid":{"rendered":"http:\/\/sergiofoto.pl\/instagram-2\/"},"modified":"2015-02-05T10:54:05","modified_gmt":"2015-02-05T09:54:05","slug":"instagram","status":"publish","type":"page","link":"https:\/\/www.sergiofoto.pl\/en\/instagram\/","title":{"rendered":"Instagram"},"content":{"rendered":"<h2 style=\"text-align: center;\">Follow us on Instagram<\/h2>\n<div style=\"text-align: center;\"><iframe loading=\"lazy\" style=\"border: none; overflow: hidden; width: 820px; height: 615px;\" src=\"http:\/\/widget.websta.me\/in\/sergiofotopl\/?s=200&amp;w=4&amp;h=3&amp;b=0&amp;p=5\" width=\"300\" height=\"150\" frameborder=\"0\" scrolling=\"no\"><\/iframe><\/div>\n","protected":false},"excerpt":{"rendered":"<p>Follow us on Instagram<\/p>\n","protected":false},"author":1,"featured_media":2305,"parent":0,"menu_order":0,"comment_status":"open","ping_status":"open","template":"page-fullwidth.php","meta":{"footnotes":""},"class_list":["post-2304","page","type-page","status-publish","has-post-thumbnail","hentry"],"yoast_head":"<!-- This site is optimized with the Yoast SEO plugin v27.3 - https:\/\/yoast.com\/product\/yoast-seo-wordpress\/ -->\n<title>Instagram | Fotograf Warszawa<\/title>\n<meta name=\"description\" content=\"Official sergiofotopl account on Instagram\" \/>\n<meta name=\"robots\" content=\"index, follow, max-snippet:-1, max-image-preview:large, max-video-preview:-1\" \/>\n<link rel=\"canonical\" href=\"https:\/\/www.sergiofoto.pl\/en\/instagram\/\" \/>\n<meta property=\"og:locale\" content=\"en_US\" \/>\n<meta property=\"og:type\" content=\"article\" \/>\n<meta property=\"og:title\" content=\"Instagram | Fotograf Warszawa\" \/>\n<meta property=\"og:description\" content=\"Official sergiofotopl account on Instagram\" \/>\n<meta property=\"og:url\" content=\"https:\/\/www.sergiofoto.pl\/en\/instagram\/\" \/>\n<meta property=\"og:site_name\" content=\"Sergio&#039;s Photography - Fotografia... po w\u0142osku!\" \/>\n<meta property=\"article:publisher\" content=\"https:\/\/www.facebook.com\/sergiofotopl\" \/>\n<meta property=\"article:modified_time\" content=\"2015-02-05T09:54:05+00:00\" \/>\n<meta property=\"og:image\" content=\"https:\/\/www.sergiofoto.pl\/wp-content\/uploads\/2015\/02\/instagram-picture.jpg\" \/>\n\t<meta property=\"og:image:width\" content=\"1000\" \/>\n\t<meta property=\"og:image:height\" content=\"667\" \/>\n\t<meta property=\"og:image:type\" content=\"image\/jpeg\" \/>\n<script type=\"application\/ld+json\" class=\"yoast-schema-graph\">{\"@context\":\"https:\\\/\\\/schema.org\",\"@graph\":[{\"@type\":\"WebPage\",\"@id\":\"https:\\\/\\\/www.sergiofoto.pl\\\/en\\\/instagram\\\/\",\"url\":\"https:\\\/\\\/www.sergiofoto.pl\\\/en\\\/instagram\\\/\",\"name\":\"Instagram | Fotograf Warszawa\",\"isPartOf\":{\"@id\":\"http:\\\/\\\/www.sergiofoto.pl\\\/#website\"},\"primaryImageOfPage\":{\"@id\":\"https:\\\/\\\/www.sergiofoto.pl\\\/en\\\/instagram\\\/#primaryimage\"},\"image\":{\"@id\":\"https:\\\/\\\/www.sergiofoto.pl\\\/en\\\/instagram\\\/#primaryimage\"},\"thumbnailUrl\":\"https:\\\/\\\/www.sergiofoto.pl\\\/wp-content\\\/uploads\\\/2015\\\/02\\\/instagram-picture.jpg\",\"datePublished\":\"2015-02-01T13:26:58+00:00\",\"dateModified\":\"2015-02-05T09:54:05+00:00\",\"description\":\"Official sergiofotopl account on Instagram\",\"breadcrumb\":{\"@id\":\"https:\\\/\\\/www.sergiofoto.pl\\\/en\\\/instagram\\\/#breadcrumb\"},\"inLanguage\":\"en\",\"potentialAction\":[{\"@type\":\"ReadAction\",\"target\":[\"https:\\\/\\\/www.sergiofoto.pl\\\/en\\\/instagram\\\/\"]}]},{\"@type\":\"ImageObject\",\"inLanguage\":\"en\",\"@id\":\"https:\\\/\\\/www.sergiofoto.pl\\\/en\\\/instagram\\\/#primaryimage\",\"url\":\"https:\\\/\\\/www.sergiofoto.pl\\\/wp-content\\\/uploads\\\/2015\\\/02\\\/instagram-picture.jpg\",\"contentUrl\":\"https:\\\/\\\/www.sergiofoto.pl\\\/wp-content\\\/uploads\\\/2015\\\/02\\\/instagram-picture.jpg\",\"width\":1000,\"height\":667},{\"@type\":\"BreadcrumbList\",\"@id\":\"https:\\\/\\\/www.sergiofoto.pl\\\/en\\\/instagram\\\/#breadcrumb\",\"itemListElement\":[{\"@type\":\"ListItem\",\"position\":1,\"name\":\"Home\",\"item\":\"https:\\\/\\\/www.sergiofoto.pl\\\/en\\\/\"},{\"@type\":\"ListItem\",\"position\":2,\"name\":\"Instagram\"}]},{\"@type\":\"WebSite\",\"@id\":\"http:\\\/\\\/www.sergiofoto.pl\\\/#website\",\"url\":\"http:\\\/\\\/www.sergiofoto.pl\\\/\",\"name\":\"Sergio's Photography - Fotografia... po w\u0142osku!\",\"description\":\"Fotograf \u015blubny, okoliczno\u015bciowy i dla dzieci Warszawa. Wyj\u0105tkowe fotografie makija\u017cu, portrety. Fotografia reklamowa. Sesje zdj\u0119ciowe w Warszawie w studio i w plenerze\",\"potentialAction\":[{\"@type\":\"SearchAction\",\"target\":{\"@type\":\"EntryPoint\",\"urlTemplate\":\"http:\\\/\\\/www.sergiofoto.pl\\\/?s={search_term_string}\"},\"query-input\":{\"@type\":\"PropertyValueSpecification\",\"valueRequired\":true,\"valueName\":\"search_term_string\"}}],\"inLanguage\":\"en\"}]}<\/script>\n<!-- \/ Yoast SEO plugin. -->","yoast_head_json":{"title":"Instagram | Fotograf Warszawa","description":"Official sergiofotopl account on Instagram","robots":{"index":"index","follow":"follow","max-snippet":"max-snippet:-1","max-image-preview":"max-image-preview:large","max-video-preview":"max-video-preview:-1"},"canonical":"https:\/\/www.sergiofoto.pl\/en\/instagram\/","og_locale":"en_US","og_type":"article","og_title":"Instagram | Fotograf Warszawa","og_description":"Official sergiofotopl account on Instagram","og_url":"https:\/\/www.sergiofoto.pl\/en\/instagram\/","og_site_name":"Sergio&#039;s Photography - Fotografia... po w\u0142osku!","article_publisher":"https:\/\/www.facebook.com\/sergiofotopl","article_modified_time":"2015-02-05T09:54:05+00:00","og_image":[{"width":1000,"height":667,"url":"https:\/\/www.sergiofoto.pl\/wp-content\/uploads\/2015\/02\/instagram-picture.jpg","type":"image\/jpeg"}],"schema":{"@context":"https:\/\/schema.org","@graph":[{"@type":"WebPage","@id":"https:\/\/www.sergiofoto.pl\/en\/instagram\/","url":"https:\/\/www.sergiofoto.pl\/en\/instagram\/","name":"Instagram | Fotograf Warszawa","isPartOf":{"@id":"http:\/\/www.sergiofoto.pl\/#website"},"primaryImageOfPage":{"@id":"https:\/\/www.sergiofoto.pl\/en\/instagram\/#primaryimage"},"image":{"@id":"https:\/\/www.sergiofoto.pl\/en\/instagram\/#primaryimage"},"thumbnailUrl":"https:\/\/www.sergiofoto.pl\/wp-content\/uploads\/2015\/02\/instagram-picture.jpg","datePublished":"2015-02-01T13:26:58+00:00","dateModified":"2015-02-05T09:54:05+00:00","description":"Official sergiofotopl account on Instagram","breadcrumb":{"@id":"https:\/\/www.sergiofoto.pl\/en\/instagram\/#breadcrumb"},"inLanguage":"en","potentialAction":[{"@type":"ReadAction","target":["https:\/\/www.sergiofoto.pl\/en\/instagram\/"]}]},{"@type":"ImageObject","inLanguage":"en","@id":"https:\/\/www.sergiofoto.pl\/en\/instagram\/#primaryimage","url":"https:\/\/www.sergiofoto.pl\/wp-content\/uploads\/2015\/02\/instagram-picture.jpg","contentUrl":"https:\/\/www.sergiofoto.pl\/wp-content\/uploads\/2015\/02\/instagram-picture.jpg","width":1000,"height":667},{"@type":"BreadcrumbList","@id":"https:\/\/www.sergiofoto.pl\/en\/instagram\/#breadcrumb","itemListElement":[{"@type":"ListItem","position":1,"name":"Home","item":"https:\/\/www.sergiofoto.pl\/en\/"},{"@type":"ListItem","position":2,"name":"Instagram"}]},{"@type":"WebSite","@id":"http:\/\/www.sergiofoto.pl\/#website","url":"http:\/\/www.sergiofoto.pl\/","name":"Sergio's Photography - Fotografia... po w\u0142osku!","description":"Fotograf \u015blubny, okoliczno\u015bciowy i dla dzieci Warszawa. Wyj\u0105tkowe fotografie makija\u017cu, portrety. Fotografia reklamowa. Sesje zdj\u0119ciowe w Warszawie w studio i w plenerze","potentialAction":[{"@type":"SearchAction","target":{"@type":"EntryPoint","urlTemplate":"http:\/\/www.sergiofoto.pl\/?s={search_term_string}"},"query-input":{"@type":"PropertyValueSpecification","valueRequired":true,"valueName":"search_term_string"}}],"inLanguage":"en"}]}},"_links":{"self":[{"href":"https:\/\/www.sergiofoto.pl\/en\/wp-json\/wp\/v2\/pages\/2304\/"}],"collection":[{"href":"https:\/\/www.sergiofoto.pl\/en\/wp-json\/wp\/v2\/pages\/"}],"about":[{"href":"https:\/\/www.sergiofoto.pl\/en\/wp-json\/wp\/v2\/types\/page\/"}],"author":[{"embeddable":true,"href":"https:\/\/www.sergiofoto.pl\/en\/wp-json\/wp\/v2\/users\/1\/"}],"replies":[{"embeddable":true,"href":"https:\/\/www.sergiofoto.pl\/en\/wp-json\/wp\/v2\/comments\/?post=2304"}],"version-history":[{"count":3,"href":"https:\/\/www.sergiofoto.pl\/en\/wp-json\/wp\/v2\/pages\/2304\/revisions\/"}],"predecessor-version":[{"id":2310,"href":"https:\/\/www.sergiofoto.pl\/en\/wp-json\/wp\/v2\/pages\/2304\/revisions\/2310\/"}],"wp:featuredmedia":[{"embeddable":true,"href":"https:\/\/www.sergiofoto.pl\/en\/wp-json\/wp\/v2\/media\/2305\/"}],"wp:attachment":[{"href":"https:\/\/www.sergiofoto.pl\/en\/wp-json\/wp\/v2\/media\/?parent=2304"}],"curies":[{"name":"wp","href":"https:\/\/api.w.org\/{rel}","templated":true}]}}