{"id":2285,"date":"2013-11-04T19:14:38","date_gmt":"2013-11-04T18:14:38","guid":{"rendered":"http:\/\/sergiofoto.pl\/homepage-sergio-foto-2\/"},"modified":"2023-03-19T12:28:44","modified_gmt":"2023-03-19T11:28:44","slug":"homepage-sergio-foto","status":"publish","type":"page","link":"https:\/\/www.sergiofoto.pl\/en\/","title":{"rendered":"Sergio Foto &#8211; Sergio Lo Porto International Wedding Photographer"},"content":{"rendered":"<div class=\"wpb-content-wrapper\"><p>[vc_row row_type=&#8221;row&#8221; use_row_as_full_screen_section=&#8221;no&#8221; type=&#8221;full_width&#8221; text_align=&#8221;left&#8221; box_shadow_on_row=&#8221;no&#8221;][vc_column][vc_separator type=&#8221;transparent&#8221; up=&#8221;20&#8243; up_style=&#8221;px&#8221; down_style=&#8221;px&#8221;][\/vc_column][\/vc_row][vc_row row_type=&#8221;row&#8221; use_row_as_full_screen_section=&#8221;no&#8221; type=&#8221;full_width&#8221; text_align=&#8221;left&#8221; box_shadow_on_row=&#8221;no&#8221;][vc_column][vc_raw_html]JTNDaW1nJTIwaWQlM0QlMjJJbWFnZS1NYXBzLUNvbS1pbWFnZS1tYXBzLTIwMTctMDEtMTktMDcxOTA3JTIyJTIwc3JjJTNEJTIyaHR0cHMlM0ElMkYlMkZ3d3cuc2VyZ2lvZm90by5wbCUyRndwLWNvbnRlbnQlMkZ1cGxvYWRzJTJGMjAxNyUyRjAxJTJGc2VzamUtc2x1Ym5lLWR6aWVjaWVjZS1hcnR5c3R5Y3puZTJtaW4uanBnJTIyJTIwYm9yZGVyJTNEJTIyMCUyMiUyMHdpZHRoJTNEJTIyMTMwMCUyMiUyMGhlaWdodCUzRCUyMjkwMCUyMiUyMG9yZ1dpZHRoJTNEJTIyMTMwMCUyMiUyMG9yZ0hlaWdodCUzRCUyMjkwMCUyMiUyMHVzZW1hcCUzRCUyMiUyM2ltYWdlLW1hcHMtMjAxNy0wMS0xOS0wNzE5MDclMjIlMjBhbHQlM0QlMjIlMjIlMjAlMkYlM0UlMEElM0NtYXAlMjBuYW1lJTNEJTIyaW1hZ2UtbWFwcy0yMDE3LTAxLTE5LTA3MTkwNyUyMiUyMGlkJTNEJTIySW1hZ2VNYXBzQ29tLWltYWdlLW1hcHMtMjAxNy0wMS0xOS0wNzE5MDclMjIlM0UlMEElM0NhcmVhJTIwJTIwYWx0JTNEJTIyT3V0b29yJTIwd2VkZGluZyUyMHBob3Rvc2hvb3RpbmclMjIlMjB0aXRsZSUzRCUyMk91dG9vciUyMHdlZGRpbmclMjBwaG90b3Nob290aW5nJTIyJTIwaHJlZiUzRCUyMmh0dHBzJTNBJTJGJTJGd3d3LnNlcmdpb2ZvdG8ucGwlMkZlbiUyRm1hcnRhLWFkYW0tb3V0ZG9vci13ZWRkaW5nLXBob3Rvc2hvb3RpbmctcGFydC0yJTJGJTIyJTIwc2hhcGUlM0QlMjJyZWN0JTIyJTIwY29vcmRzJTNEJTIyMCUyQzAlMkM0MzIlMkMyODUlMjIlMjBzdHlsZSUzRCUyMm91dGxpbmUlM0Fub25lJTNCJTIyJTIwdGFyZ2V0JTNEJTIyX3NlbGYlMjIlMjAlMjAlMjAlMjAlMjAlMkYlM0UlMEElM0NhcmVhJTIwJTIwYWx0JTNEJTIyV2VkZGluZyUyMHByZXBhcmF0aW9ucyUyMiUyMHRpdGxlJTNEJTIyV2VkZGluZyUyMHByZXBhcmF0aW9ucyUyMiUyMGhyZWYlM0QlMjJodHRwcyUzQSUyRiUyRnd3dy5zZXJnaW9mb3RvLnBsJTJGZW4lMkZtYXJ0eW5hLWFydHVycy13ZWRkaW5nLW5ld2x5d2Vkcy1wcmVwYXJhdGlvbnMlMkYlMjIlMjBzaGFwZSUzRCUyMnJlY3QlMjIlMjBjb29yZHMlM0QlMjI0MzIlMkMwJTJDODY5JTJDMjg3JTIyJTIwc3R5bGUlM0QlMjJvdXRsaW5lJTNBbm9uZSUzQiUyMiUyMHRhcmdldCUzRCUyMl9zZWxmJTIyJTIwJTIwJTIwJTIwJTIwJTJGJTNFJTBBJTNDYXJlYSUyMCUyMGFsdCUzRCUyMk91dGRvb3IlMjB3ZWRkaW5nJTIwcGhvdG9zaG9vdGluZyUyMCUyMiUyMHRpdGxlJTNEJTIyT3V0ZG9vciUyMHdlZGRpbmclMjBwaG90b3Nob290aW5nJTIwJTIyJTIwaHJlZiUzRCUyMmh0dHBzJTNBJTJGJTJGd3d3LnNlcmdpb2ZvdG8ucGwlMkZlbiUyRm1hcnRhLWFkYW0tb3V0ZG9yLXdlZGRpbmctcGhvdG9zaG9vdGluZy1wYXJ0LTElMkYlMjIlMjBzaGFwZSUzRCUyMnJlY3QlMjIlMjBjb29yZHMlM0QlMjI4NzAlMkMwJTJDMTMwMCUyQzI4NiUyMiUyMHN0eWxlJTNEJTIyb3V0bGluZSUzQW5vbmUlM0IlMjIlMjB0YXJnZXQlM0QlMjJfc2VsZiUyMiUyMCUyMCUyMCUyMCUyMCUyRiUzRSUwQSUzQ2FyZWElMjAlMjBhbHQlM0QlMjJCdXJuaW5nJTIwc2Vuc3VhbGl0eSUyMC0lMjBudWRlJTIwcGhvdG9ncmFwaHklMjIlMjB0aXRsZSUzRCUyMkJ1cm5pbmclMjBzZW5zdWFsaXR5JTIwLSUyMG51ZGUlMjBwaG90b2dyYXBoeSUyMiUyMGhyZWYlM0QlMjJodHRwcyUzQSUyRiUyRnd3dy5zZXJnaW9mb3RvLnBsJTJGZW4lMkZtYWx3aW5hLXdsb2RhcmN6eWstYnVybmluZy1zZW5zdWFsaXR5JTJGJTIyJTIwc2hhcGUlM0QlMjJyZWN0JTIyJTIwY29vcmRzJTNEJTIyMCUyQzMwOCUyQzQzNCUyQzU5MiUyMiUyMHN0eWxlJTNEJTIyb3V0bGluZSUzQW5vbmUlM0IlMjIlMjB0YXJnZXQlM0QlMjJfc2VsZiUyMiUyMCUyMCUyMCUyMCUyMCUyRiUzRSUwQSUzQ2FyZWElMjAlMjBhbHQlM0QlMjJNYWdpYyUyMGF0bW9zcGhlcmUlMjBvcGVuJTIwYWlyJTIwd2VkZGluZyUyMiUyMHRpdGxlJTNEJTIyTWFnaWMlMjBhdG1vc3BoZXJlJTIwb3BlbiUyMGFpciUyMHdlZGRpbmclMjIlMjBocmVmJTNEJTIyaHR0cHMlM0ElMkYlMkZ3d3cuc2VyZ2lvZm90by5wbCUyRmVuJTJGbWEtbWFnaWMtYXRtb3NwaGVyZS1vcGVuLWFpci13ZWRkaW5nJTJGJTIyJTIwc2hhcGUlM0QlMjJyZWN0JTIyJTIwY29vcmRzJTNEJTIyNDM1JTJDMzA4JTJDODY5JTJDNTkyJTIyJTIwc3R5bGUlM0QlMjJvdXRsaW5lJTNBbm9uZSUzQiUyMiUyMHRhcmdldCUzRCUyMl9zZWxmJTIyJTIwJTIwJTIwJTIwJTIwJTJGJTNFJTBBJTNDYXJlYSUyMCUyMGFsdCUzRCUyMk15c3RpYyUyMHBob3RvZ3JhcGh5JTIyJTIwdGl0bGUlM0QlMjJNeXN0aWMlMjBwaG90b2dyYXBoeSUyMiUyMGhyZWYlM0QlMjJodHRwcyUzQSUyRiUyRnd3dy5zZXJnaW9mb3RvLnBsJTJGZW4lMkZhbmFzdGFzaWEtbGlnaHRzLXNub3clMkYlMjIlMjBzaGFwZSUzRCUyMnJlY3QlMjIlMjBjb29yZHMlM0QlMjI4NjclMkMzMDclMkMxMzAwJTJDNTk0JTIyJTIwc3R5bGUlM0QlMjJvdXRsaW5lJTNBbm9uZSUzQiUyMiUyMHRhcmdldCUzRCUyMl9zZWxmJTIyJTIwJTIwJTIwJTIwJTIwJTJGJTNFJTBBJTNDYXJlYSUyMCUyMGFsdCUzRCUyMk1hZ2ljJTIwZGFuY2UlMjIlMjB0aXRsZSUzRCUyMk1hZ2ljJTIwZGFuY2UlMjIlMjBocmVmJTNEJTIyaHR0cHMlM0ElMkYlMkZ3d3cuc2VyZ2lvZm90by5wbCUyRmVuJTJGYW5hc3Rhc2lhLW1hZ2ljLWRhbmNlJTJGJTIyJTIwc2hhcGUlM0QlMjJyZWN0JTIyJTIwY29vcmRzJTNEJTIyMCUyQzYxNSUyQzQzNSUyQzg5OSUyMiUyMHN0eWxlJTNEJTIyb3V0bGluZSUzQW5vbmUlM0IlMjIlMjB0YXJnZXQlM0QlMjJfc2VsZiUyMiUyMCUyMCUyMCUyMCUyMCUyRiUzRSUwQSUzQ2FyZWElMjAlMjBhbHQlM0QlMjJCdXR0ZXJmbHklMjBiYWxsZXJpbmElMjIlMjB0aXRsZSUzRCUyMkJ1dHRlcmZseSUyMGJhbGxlcmluYSUyMiUyMGhyZWYlM0QlMjJodHRwcyUzQSUyRiUyRnd3dy5zZXJnaW9mb3RvLnBsJTJGZW4lMkZidXR0ZXJmbHktYmFsbGVyaW5hLWZvcmVzdC1vbGdhLWhhbGlrJTJGJTIyJTIwc2hhcGUlM0QlMjJyZWN0JTIyJTIwY29vcmRzJTNEJTIyNDM1JTJDNjE0JTJDODY3JTJDOTAwJTIyJTIwc3R5bGUlM0QlMjJvdXRsaW5lJTNBbm9uZSUzQiUyMiUyMHRhcmdldCUzRCUyMl9zZWxmJTIyJTIwJTIwJTIwJTIwJTIwJTJGJTNFJTBBJTNDYXJlYSUyMCUyMGFsdCUzRCUyMk15c3RpY2FsJTIwZm9yZXN0JTIyJTIwdGl0bGUlM0QlMjJNeXN0aWNhbCUyMGZvcmVzdCUyMiUyMGhyZWYlM0QlMjJodHRwcyUzQSUyRiUyRnd3dy5zZXJnaW9mb3RvLnBsJTJGZW4lMkZtYWdpYy1vbGdhLXBob3Rvc2hvb3RpbmctZm9yZXN0JTJGJTIyJTIwc2hhcGUlM0QlMjJyZWN0JTIyJTIwY29vcmRzJTNEJTIyODY4JTJDNjE1JTJDMTI5OSUyQzg5OSUyMiUyMHN0eWxlJTNEJTIyb3V0bGluZSUzQW5vbmUlM0IlMjIlMjB0YXJnZXQlM0QlMjJfc2VsZiUyMiUyMCUyMCUyMCUyMCUyMCUyRiUzRSUwQSUzQyUyRm1hcCUzRQ==[\/vc_raw_html][vc_separator type=&#8221;transparent&#8221; up=&#8221;6&#8243; up_style=&#8221;px&#8221; down_style=&#8221;px&#8221;][vc_raw_html]JTNDaW1nJTIwaWQlM0QlMjJJbWFnZS1NYXBzLUNvbS1pbWFnZS1tYXBzLTIwMTctMDEtMTktMDgzNDI0JTIyJTIwc3JjJTNEJTIyaHR0cHMlM0ElMkYlMkZ3d3cuc2VyZ2lvZm90by5wbCUyRndwLWNvbnRlbnQlMkZ1cGxvYWRzJTJGMjAxNyUyRjAxJTJGc2VzamUtZHppZWNpZWNlLWNpYXpvd2UtbWluLmpwZyUyMiUyMGJvcmRlciUzRCUyMjAlMjIlMjB3aWR0aCUzRCUyMjEzMDAlMjIlMjBoZWlnaHQlM0QlMjI1ODclMjIlMjBvcmdXaWR0aCUzRCUyMjEzMDAlMjIlMjBvcmdIZWlnaHQlM0QlMjI1ODclMjIlMjB1c2VtYXAlM0QlMjIlMjNpbWFnZS1tYXBzLTIwMTctMDEtMTktMDgzNDI0JTIyJTIwYWx0JTNEJTIyJTIyJTIwJTJGJTNFJTBBJTNDbWFwJTIwbmFtZSUzRCUyMmltYWdlLW1hcHMtMjAxNy0wMS0xOS0wODM0MjQlMjIlMjBpZCUzRCUyMkltYWdlTWFwc0NvbS1pbWFnZS1tYXBzLTIwMTctMDEtMTktMDgzNDI0JTIyJTNFJTBBJTNDYXJlYSUyMCUyMGFsdCUzRCUyMlN0dWRpbyUyMHBob3RvJTIwc2hvb3QlMjBmb3IlMjBKdW5pb3Iud2F3JTIwbWFnYXppbiUyMiUyMHRpdGxlJTNEJTIyU3R1ZGlvJTIwcGhvdG8lMjBzaG9vdCUyMGZvciUyMEp1bmlvci53YXclMjBtYWdhemluJTIyJTIwaHJlZiUzRCUyMmh0dHBzJTNBJTJGJTJGd3d3LnNlcmdpb2ZvdG8ucGwlMkZlbiUyRmxpdHRsZS1oYW5pYS1pLXN0dWRpby1waG90by1zaG9vdC1mb3ItanVuaW9yLXdhdy1tYWdhemluZSUyRiUyMiUyMHNoYXBlJTNEJTIycmVjdCUyMiUyMGNvb3JkcyUzRCUyMjAlMkMwJTJDNDM0JTJDMjgxJTIyJTIwc3R5bGUlM0QlMjJvdXRsaW5lJTNBbm9uZSUzQiUyMiUyMHRhcmdldCUzRCUyMl9zZWxmJTIyJTIwJTIwJTIwJTIwJTIwJTJGJTNFJTBBJTNDYXJlYSUyMCUyMGFsdCUzRCUyMkxpdHRsZSUyMGdpcmwlMjBwaG90byUyMHNob290JTIyJTIwdGl0bGUlM0QlMjJMaXR0bGUlMjBnaXJsJTIwcGhvdG8lMjBzaG9vdCUyMiUyMGhyZWYlM0QlMjJodHRwcyUzQSUyRiUyRnd3dy5zZXJnaW9mb3RvLnBsJTJGZW4lMkZwb3J0Zm9saW9fcGFnZSUyRmxlbmEtbGl0dGxlLWdpcmwtcGhvdG8tc2hvb3QlMkYlMjIlMjBzaGFwZSUzRCUyMnJlY3QlMjIlMjBjb29yZHMlM0QlMjI0MzMlMkMwJTJDODY4JTJDMjgxJTIyJTIwc3R5bGUlM0QlMjJvdXRsaW5lJTNBbm9uZSUzQiUyMiUyMHRhcmdldCUzRCUyMl9zZWxmJTIyJTIwJTIwJTIwJTIwJTIwJTJGJTNFJTBBJTNDYXJlYSUyMCUyMGFsdCUzRCUyMlN0dWRpbyUyMHBob3Rvc2hvb3RpbmclMjBmb3IlMjBhJTIwYmFieSUyMiUyMHRpdGxlJTNEJTIyU3R1ZGlvJTIwcGhvdG9zaG9vdGluZyUyMGZvciUyMGElMjBiYWJ5JTIyJTIwaHJlZiUzRCUyMmh0dHBzJTNBJTJGJTJGd3d3LnNlcmdpb2ZvdG8ucGwlMkZlbiUyRmFuYXN0YXpqYS1iYXNrZXQtJTI1RTIlMjU5OSUyNUE1LXN0dWRpby1waG90b3Nob290aW5nLWJhYnklMkYlMjIlMjBzaGFwZSUzRCUyMnJlY3QlMjIlMjBjb29yZHMlM0QlMjI4NjklMkMwJTJDMTMwMCUyQzI4MiUyMiUyMHN0eWxlJTNEJTIyb3V0bGluZSUzQW5vbmUlM0IlMjIlMjB0YXJnZXQlM0QlMjJfc2VsZiUyMiUyMCUyMCUyMCUyMCUyMCUyRiUzRSUwQSUzQ2FyZWElMjAlMjBhbHQlM0QlMjJQcmVnbmFudCUyMGxhZHklMjBwaG90b3Nob290JTIyJTIwdGl0bGUlM0QlMjJQcmVnbmFudCUyMGxhZHklMjBwaG90b3Nob290JTIyJTIwaHJlZiUzRCUyMmh0dHBzJTNBJTJGJTJGd3d3LnNlcmdpb2ZvdG8ucGwlMkZlbiUyRmFzaWEtcHJlZ25hbnQtcGhvdG9zaG9vdC1wYXJ0LTEtYmVkJTJGJTIyJTIwc2hhcGUlM0QlMjJyZWN0JTIyJTIwY29vcmRzJTNEJTIyMCUyQzMwNCUyQzQzMyUyQzU4NyUyMiUyMHN0eWxlJTNEJTIyb3V0bGluZSUzQW5vbmUlM0IlMjIlMjB0YXJnZXQlM0QlMjJfc2VsZiUyMiUyMCUyMCUyMCUyMCUyMCUyRiUzRSUwQSUzQ2FyZWElMjAlMjBhbHQlM0QlMjJDcmF6eSUyMGJlbGx5JTIwcGhvdG9zaG9vdCUyMiUyMHRpdGxlJTNEJTIyQ3JhenklMjBiZWxseSUyMHBob3Rvc2hvb3QlMjIlMjBocmVmJTNEJTIyaHR0cHMlM0ElMkYlMkZ3d3cuc2VyZ2lvZm90by5wbCUyRmVuJTJGYXNpYS1wcmVnbmFudC1waG90b3Nob290LXBhcnQtMi1jYXIlMkYlMjIlMjBzaGFwZSUzRCUyMnJlY3QlMjIlMjBjb29yZHMlM0QlMjI0MzQlMkMzMDMlMkM4NjMlMkM1ODYlMjIlMjBzdHlsZSUzRCUyMm91dGxpbmUlM0Fub25lJTNCJTIyJTIwdGFyZ2V0JTNEJTIyX3NlbGYlMjIlMjAlMjAlMjAlMjAlMjAlMkYlM0UlMEElM0NhcmVhJTIwJTIwYWx0JTNEJTIyU3R1ZGlvJTIwTWF0ZXJuaXR5JTIwUGhvdG9zJTIyJTIwdGl0bGUlM0QlMjJTdHVkaW8lMjBNYXRlcm5pdHklMjBQaG90b3MlMjIlMjBocmVmJTNEJTIyaHR0cHMlM0ElMkYlMkZ3d3cuc2VyZ2lvZm90by5wbCUyRmVuJTJGa2FzaWEtc3R1ZGlvLW1hdGVybml0eS1waG90b3MtcGFydC0yJTJGJTIyJTIwc2hhcGUlM0QlMjJyZWN0JTIyJTIwY29vcmRzJTNEJTIyODYzJTJDMzAzJTJDMTMwMCUyQzU4NyUyMiUyMHN0eWxlJTNEJTIyb3V0bGluZSUzQW5vbmUlM0IlMjIlMjB0YXJnZXQlM0QlMjJfc2VsZiUyMiUyMCUyMCUyMCUyMCUyMCUyRiUzRSUwQSUzQyUyRm1hcCUzRQ==[\/vc_raw_html][\/vc_column][\/vc_row][vc_row row_type=&#8221;row&#8221; use_row_as_full_screen_section=&#8221;no&#8221; type=&#8221;full_width&#8221; text_align=&#8221;center&#8221; padding_top=&#8221;70&#8243; padding_bottom=&#8221;74&#8243; box_shadow_on_row=&#8221;no&#8221; oblique_section=&#8221;no&#8221; oblique_section_top_and_bottom=&#8221;both&#8221; oblique_section_position=&#8221;from_left_to_right&#8221; triangle_shape=&#8221;no&#8221; triangle_shape_position=&#8221;both&#8221;][vc_column][vc_column_text]<\/p>\n<h2>Newest articles<\/h2>\n<p>[\/vc_column_text][vc_text_separator title=&#8221;Photo shootings and tutorials&#8221; text_in_box=&#8221;no&#8221; text_position=&#8221;center&#8221; box_height=&#8221;1&#8243; box_padding=&#8221;18&#8243; line_width=&#8221;142&#8243; line_border_style=&#8221;solid&#8221; up=&#8221;10&#8243; animation=&#8221;animate_width&#8221; line_dots=&#8221;no&#8221;][\/vc_column][\/vc_row]<\/p>\n<\/div>","protected":false},"excerpt":{"rendered":"<p>[vc_row row_type=&#8221;row&#8221; use_row_as_full_screen_section=&#8221;no&#8221; type=&#8221;full_width&#8221; text_align=&#8221;left&#8221; box_shadow_on_row=&#8221;no&#8221;][vc_column][vc_separator type=&#8221;transparent&#8221; up=&#8221;20&#8243; up_style=&#8221;px&#8221; down_style=&#8221;px&#8221;][\/vc_column][\/vc_row][vc_row row_type=&#8221;row&#8221; use_row_as_full_screen_section=&#8221;no&#8221; type=&#8221;full_width&#8221; text_align=&#8221;left&#8221; box_shadow_on_row=&#8221;no&#8221;][vc_column][vc_raw_html]JTNDaW1nJTIwaWQlM0QlMjJJbWFnZS1NYXBzLUNvbS1pbWFnZS1tYXBzLTIwMTctMDEtMTktMDcxOTA3JTIyJTIwc3JjJTNEJTIyaHR0cHMlM0ElMkYlMkZ3d3cuc2VyZ2lvZm90by5wbCUyRndwLWNvbnRlbnQlMkZ1cGxvYWRzJTJGMjAxNyUyRjAxJTJGc2VzamUtc2x1Ym5lLWR6aWVjaWVjZS1hcnR5c3R5Y3puZTJtaW4uanBnJTIyJTIwYm9yZGVyJTNEJTIyMCUyMiUyMHdpZHRoJTNEJTIyMTMwMCUyMiUyMGhlaWdodCUzRCUyMjkwMCUyMiUyMG9yZ1dpZHRoJTNEJTIyMTMwMCUyMiUyMG9yZ0hlaWdodCUzRCUyMjkwMCUyMiUyMHVzZW1hcCUzRCUyMiUyM2ltYWdlLW1hcHMtMjAxNy0wMS0xOS0wNzE5MDclMjIlMjBhbHQlM0QlMjIlMjIlMjAlMkYlM0UlMEElM0NtYXAlMjBuYW1lJTNEJTIyaW1hZ2UtbWFwcy0yMDE3LTAxLTE5LTA3MTkwNyUyMiUyMGlkJTNEJTIySW1hZ2VNYXBzQ29tLWltYWdlLW1hcHMtMjAxNy0wMS0xOS0wNzE5MDclMjIlM0UlMEElM0NhcmVhJTIwJTIwYWx0JTNEJTIyT3V0b29yJTIwd2VkZGluZyUyMHBob3Rvc2hvb3RpbmclMjIlMjB0aXRsZSUzRCUyMk91dG9vciUyMHdlZGRpbmclMjBwaG90b3Nob290aW5nJTIyJTIwaHJlZiUzRCUyMmh0dHBzJTNBJTJGJTJGd3d3LnNlcmdpb2ZvdG8ucGwlMkZlbiUyRm1hcnRhLWFkYW0tb3V0ZG9vci13ZWRkaW5nLXBob3Rvc2hvb3RpbmctcGFydC0yJTJGJTIyJTIwc2hhcGUlM0QlMjJyZWN0JTIyJTIwY29vcmRzJTNEJTIyMCUyQzAlMkM0MzIlMkMyODUlMjIlMjBzdHlsZSUzRCUyMm91dGxpbmUlM0Fub25lJTNCJTIyJTIwdGFyZ2V0JTNEJTIyX3NlbGYlMjIlMjAlMjAlMjAlMjAlMjAlMkYlM0UlMEElM0NhcmVhJTIwJTIwYWx0JTNEJTIyV2VkZGluZyUyMHByZXBhcmF0aW9ucyUyMiUyMHRpdGxlJTNEJTIyV2VkZGluZyUyMHByZXBhcmF0aW9ucyUyMiUyMGhyZWYlM0QlMjJodHRwcyUzQSUyRiUyRnd3dy5zZXJnaW9mb3RvLnBsJTJGZW4lMkZtYXJ0eW5hLWFydHVycy13ZWRkaW5nLW5ld2x5d2Vkcy1wcmVwYXJhdGlvbnMlMkYlMjIlMjBzaGFwZSUzRCUyMnJlY3QlMjIlMjBjb29yZHMlM0QlMjI0MzIlMkMwJTJDODY5JTJDMjg3JTIyJTIwc3R5bGUlM0QlMjJvdXRsaW5lJTNBbm9uZSUzQiUyMiUyMHRhcmdldCUzRCUyMl9zZWxmJTIyJTIwJTIwJTIwJTIwJTIwJTJGJTNFJTBBJTNDYXJlYSUyMCUyMGFsdCUzRCUyMk91dGRvb3IlMjB3ZWRkaW5nJTIwcGhvdG9zaG9vdGluZyUyMCUyMiUyMHRpdGxlJTNEJTIyT3V0ZG9vciUyMHdlZGRpbmclMjBwaG90b3Nob290aW5nJTIwJTIyJTIwaHJlZiUzRCUyMmh0dHBzJTNBJTJGJTJGd3d3LnNlcmdpb2ZvdG8ucGwlMkZlbiUyRm1hcnRhLWFkYW0tb3V0ZG9yLXdlZGRpbmctcGhvdG9zaG9vdGluZy1wYXJ0LTElMkYlMjIlMjBzaGFwZSUzRCUyMnJlY3QlMjIlMjBjb29yZHMlM0QlMjI4NzAlMkMwJTJDMTMwMCUyQzI4NiUyMiUyMHN0eWxlJTNEJTIyb3V0bGluZSUzQW5vbmUlM0IlMjIlMjB0YXJnZXQlM0QlMjJfc2VsZiUyMiUyMCUyMCUyMCUyMCUyMCUyRiUzRSUwQSUzQ2FyZWElMjAlMjBhbHQlM0QlMjJCdXJuaW5nJTIwc2Vuc3VhbGl0eSUyMC0lMjBudWRlJTIwcGhvdG9ncmFwaHklMjIlMjB0aXRsZSUzRCUyMkJ1cm5pbmclMjBzZW5zdWFsaXR5JTIwLSUyMG51ZGUlMjBwaG90b2dyYXBoeSUyMiUyMGhyZWYlM0QlMjJodHRwcyUzQSUyRiUyRnd3dy5zZXJnaW9mb3RvLnBsJTJGZW4lMkZtYWx3aW5hLXdsb2RhcmN6eWstYnVybmluZy1zZW5zdWFsaXR5JTJGJTIyJTIwc2hhcGUlM0QlMjJyZWN0JTIyJTIwY29vcmRzJTNEJTIyMCUyQzMwOCUyQzQzNCUyQzU5MiUyMiUyMHN0eWxlJTNEJTIyb3V0bGluZSUzQW5vbmUlM0IlMjIlMjB0YXJnZXQlM0QlMjJfc2VsZiUyMiUyMCUyMCUyMCUyMCUyMCUyRiUzRSUwQSUzQ2FyZWElMjAlMjBhbHQlM0QlMjJNYWdpYyUyMGF0bW9zcGhlcmUlMjBvcGVuJTIwYWlyJTIwd2VkZGluZyUyMiUyMHRpdGxlJTNEJTIyTWFnaWMlMjBhdG1vc3BoZXJlJTIwb3BlbiUyMGFpciUyMHdlZGRpbmclMjIlMjBocmVmJTNEJTIyaHR0cHMlM0ElMkYlMkZ3d3cuc2VyZ2lvZm90by5wbCUyRmVuJTJGbWEtbWFnaWMtYXRtb3NwaGVyZS1vcGVuLWFpci13ZWRkaW5nJTJGJTIyJTIwc2hhcGUlM0QlMjJyZWN0JTIyJTIwY29vcmRzJTNEJTIyNDM1JTJDMzA4JTJDODY5JTJDNTkyJTIyJTIwc3R5bGUlM0QlMjJvdXRsaW5lJTNBbm9uZSUzQiUyMiUyMHRhcmdldCUzRCUyMl9zZWxmJTIyJTIwJTIwJTIwJTIwJTIwJTJGJTNFJTBBJTNDYXJlYSUyMCUyMGFsdCUzRCUyMk15c3RpYyUyMHBob3RvZ3JhcGh5JTIyJTIwdGl0bGUlM0QlMjJNeXN0aWMlMjBwaG90b2dyYXBoeSUyMiUyMGhyZWYlM0QlMjJodHRwcyUzQSUyRiUyRnd3dy5zZXJnaW9mb3RvLnBsJTJGZW4lMkZhbmFzdGFzaWEtbGlnaHRzLXNub3clMkYlMjIlMjBzaGFwZSUzRCUyMnJlY3QlMjIlMjBjb29yZHMlM0QlMjI4NjclMkMzMDclMkMxMzAwJTJDNTk0JTIyJTIwc3R5bGUlM0QlMjJvdXRsaW5lJTNBbm9uZSUzQiUyMiUyMHRhcmdldCUzRCUyMl9zZWxmJTIyJTIwJTIwJTIwJTIwJTIwJTJGJTNFJTBBJTNDYXJlYSUyMCUyMGFsdCUzRCUyMk1hZ2ljJTIwZGFuY2UlMjIlMjB0aXRsZSUzRCUyMk1hZ2ljJTIwZGFuY2UlMjIlMjBocmVmJTNEJTIyaHR0cHMlM0ElMkYlMkZ3d3cuc2VyZ2lvZm90by5wbCUyRmVuJTJGYW5hc3Rhc2lhLW1hZ2ljLWRhbmNlJTJGJTIyJTIwc2hhcGUlM0QlMjJyZWN0JTIyJTIwY29vcmRzJTNEJTIyMCUyQzYxNSUyQzQzNSUyQzg5OSUyMiUyMHN0eWxlJTNEJTIyb3V0bGluZSUzQW5vbmUlM0IlMjIlMjB0YXJnZXQlM0QlMjJfc2VsZiUyMiUyMCUyMCUyMCUyMCUyMCUyRiUzRSUwQSUzQ2FyZWElMjAlMjBhbHQlM0QlMjJCdXR0ZXJmbHklMjBiYWxsZXJpbmElMjIlMjB0aXRsZSUzRCUyMkJ1dHRlcmZseSUyMGJhbGxlcmluYSUyMiUyMGhyZWYlM0QlMjJodHRwcyUzQSUyRiUyRnd3dy5zZXJnaW9mb3RvLnBsJTJGZW4lMkZidXR0ZXJmbHktYmFsbGVyaW5hLWZvcmVzdC1vbGdhLWhhbGlrJTJGJTIyJTIwc2hhcGUlM0QlMjJyZWN0JTIyJTIwY29vcmRzJTNEJTIyNDM1JTJDNjE0JTJDODY3JTJDOTAwJTIyJTIwc3R5bGUlM0QlMjJvdXRsaW5lJTNBbm9uZSUzQiUyMiUyMHRhcmdldCUzRCUyMl9zZWxmJTIyJTIwJTIwJTIwJTIwJTIwJTJGJTNFJTBBJTNDYXJlYSUyMCUyMGFsdCUzRCUyMk15c3RpY2FsJTIwZm9yZXN0JTIyJTIwdGl0bGUlM0QlMjJNeXN0aWNhbCUyMGZvcmVzdCUyMiUyMGhyZWYlM0QlMjJodHRwcyUzQSUyRiUyRnd3dy5zZXJnaW9mb3RvLnBsJTJGZW4lMkZtYWdpYy1vbGdhLXBob3Rvc2hvb3RpbmctZm9yZXN0JTJGJTIyJTIwc2hhcGUlM0QlMjJyZWN0JTIyJTIwY29vcmRzJTNEJTIyODY4JTJDNjE1JTJDMTI5OSUyQzg5OSUyMiUyMHN0eWxlJTNEJTIyb3V0bGluZSUzQW5vbmUlM0IlMjIlMjB0YXJnZXQlM0QlMjJfc2VsZiUyMiUyMCUyMCUyMCUyMCUyMCUyRiUzRSUwQSUzQyUyRm1hcCUzRQ==[\/vc_raw_html][vc_separator type=&#8221;transparent&#8221; up=&#8221;6&#8243; up_style=&#8221;px&#8221; down_style=&#8221;px&#8221;][vc_raw_html]JTNDaW1nJTIwaWQlM0QlMjJJbWFnZS1NYXBzLUNvbS1pbWFnZS1tYXBzLTIwMTctMDEtMTktMDgzNDI0JTIyJTIwc3JjJTNEJTIyaHR0cHMlM0ElMkYlMkZ3d3cuc2VyZ2lvZm90by5wbCUyRndwLWNvbnRlbnQlMkZ1cGxvYWRzJTJGMjAxNyUyRjAxJTJGc2VzamUtZHppZWNpZWNlLWNpYXpvd2UtbWluLmpwZyUyMiUyMGJvcmRlciUzRCUyMjAlMjIlMjB3aWR0aCUzRCUyMjEzMDAlMjIlMjBoZWlnaHQlM0QlMjI1ODclMjIlMjBvcmdXaWR0aCUzRCUyMjEzMDAlMjIlMjBvcmdIZWlnaHQlM0QlMjI1ODclMjIlMjB1c2VtYXAlM0QlMjIlMjNpbWFnZS1tYXBzLTIwMTctMDEtMTktMDgzNDI0JTIyJTIwYWx0JTNEJTIyJTIyJTIwJTJGJTNFJTBBJTNDbWFwJTIwbmFtZSUzRCUyMmltYWdlLW1hcHMtMjAxNy0wMS0xOS0wODM0MjQlMjIlMjBpZCUzRCUyMkltYWdlTWFwc0NvbS1pbWFnZS1tYXBzLTIwMTctMDEtMTktMDgzNDI0JTIyJTNFJTBBJTNDYXJlYSUyMCUyMGFsdCUzRCUyMlN0dWRpbyUyMHBob3RvJTIwc2hvb3QlMjBmb3IlMjBKdW5pb3Iud2F3JTIwbWFnYXppbiUyMiUyMHRpdGxlJTNEJTIyU3R1ZGlvJTIwcGhvdG8lMjBzaG9vdCUyMGZvciUyMEp1bmlvci53YXclMjBtYWdhemluJTIyJTIwaHJlZiUzRCUyMmh0dHBzJTNBJTJGJTJGd3d3LnNlcmdpb2ZvdG8ucGwlMkZlbiUyRmxpdHRsZS1oYW5pYS1pLXN0dWRpby1waG90by1zaG9vdC1mb3ItanVuaW9yLXdhdy1tYWdhemluZSUyRiUyMiUyMHNoYXBlJTNEJTIycmVjdCUyMiUyMGNvb3JkcyUzRCUyMjAlMkMwJTJDNDM0JTJDMjgxJTIyJTIwc3R5bGUlM0QlMjJvdXRsaW5lJTNBbm9uZSUzQiUyMiUyMHRhcmdldCUzRCUyMl9zZWxmJTIyJTIwJTIwJTIwJTIwJTIwJTJGJTNFJTBBJTNDYXJlYSUyMCUyMGFsdCUzRCUyMkxpdHRsZSUyMGdpcmwlMjBwaG90byUyMHNob290JTIyJTIwdGl0bGUlM0QlMjJMaXR0bGUlMjBnaXJsJTIwcGhvdG8lMjBzaG9vdCUyMiUyMGhyZWYlM0QlMjJodHRwcyUzQSUyRiUyRnd3dy5zZXJnaW9mb3RvLnBsJTJGZW4lMkZwb3J0Zm9saW9fcGFnZSUyRmxlbmEtbGl0dGxlLWdpcmwtcGhvdG8tc2hvb3QlMkYlMjIlMjBzaGFwZSUzRCUyMnJlY3QlMjIlMjBjb29yZHMlM0QlMjI0MzMlMkMwJTJDODY4JTJDMjgxJTIyJTIwc3R5bGUlM0QlMjJvdXRsaW5lJTNBbm9uZSUzQiUyMiUyMHRhcmdldCUzRCUyMl9zZWxmJTIyJTIwJTIwJTIwJTIwJTIwJTJGJTNFJTBBJTNDYXJlYSUyMCUyMGFsdCUzRCUyMlN0dWRpbyUyMHBob3Rvc2hvb3RpbmclMjBmb3IlMjBhJTIwYmFieSUyMiUyMHRpdGxlJTNEJTIyU3R1ZGlvJTIwcGhvdG9zaG9vdGluZyUyMGZvciUyMGElMjBiYWJ5JTIyJTIwaHJlZiUzRCUyMmh0dHBzJTNBJTJGJTJGd3d3LnNlcmdpb2ZvdG8ucGwlMkZlbiUyRmFuYXN0YXpqYS1iYXNrZXQtJTI1RTIlMjU5OSUyNUE1LXN0dWRpby1waG90b3Nob290aW5nLWJhYnklMkYlMjIlMjBzaGFwZSUzRCUyMnJlY3QlMjIlMjBjb29yZHMlM0QlMjI4NjklMkMwJTJDMTMwMCUyQzI4MiUyMiUyMHN0eWxlJTNEJTIyb3V0bGluZSUzQW5vbmUlM0IlMjIlMjB0YXJnZXQlM0QlMjJfc2VsZiUyMiUyMCUyMCUyMCUyMCUyMCUyRiUzRSUwQSUzQ2FyZWElMjAlMjBhbHQlM0QlMjJQcmVnbmFudCUyMGxhZHklMjBwaG90b3Nob290JTIyJTIwdGl0bGUlM0QlMjJQcmVnbmFudCUyMGxhZHklMjBwaG90b3Nob290JTIyJTIwaHJlZiUzRCUyMmh0dHBzJTNBJTJGJTJGd3d3LnNlcmdpb2ZvdG8ucGwlMkZlbiUyRmFzaWEtcHJlZ25hbnQtcGhvdG9zaG9vdC1wYXJ0LTEtYmVkJTJGJTIyJTIwc2hhcGUlM0QlMjJyZWN0JTIyJTIwY29vcmRzJTNEJTIyMCUyQzMwNCUyQzQzMyUyQzU4NyUyMiUyMHN0eWxlJTNEJTIyb3V0bGluZSUzQW5vbmUlM0IlMjIlMjB0YXJnZXQlM0QlMjJfc2VsZiUyMiUyMCUyMCUyMCUyMCUyMCUyRiUzRSUwQSUzQ2FyZWElMjAlMjBhbHQlM0QlMjJDcmF6eSUyMGJlbGx5JTIwcGhvdG9zaG9vdCUyMiUyMHRpdGxlJTNEJTIyQ3JhenklMjBiZWxseSUyMHBob3Rvc2hvb3QlMjIlMjBocmVmJTNEJTIyaHR0cHMlM0ElMkYlMkZ3d3cuc2VyZ2lvZm90by5wbCUyRmVuJTJGYXNpYS1wcmVnbmFudC1waG90b3Nob290LXBhcnQtMi1jYXIlMkYlMjIlMjBzaGFwZSUzRCUyMnJlY3QlMjIlMjBjb29yZHMlM0QlMjI0MzQlMkMzMDMlMkM4NjMlMkM1ODYlMjIlMjBzdHlsZSUzRCUyMm91dGxpbmUlM0Fub25lJTNCJTIyJTIwdGFyZ2V0JTNEJTIyX3NlbGYlMjIlMjAlMjAlMjAlMjAlMjAlMkYlM0UlMEElM0NhcmVhJTIwJTIwYWx0JTNEJTIyU3R1ZGlvJTIwTWF0ZXJuaXR5JTIwUGhvdG9zJTIyJTIwdGl0bGUlM0QlMjJTdHVkaW8lMjBNYXRlcm5pdHklMjBQaG90b3MlMjIlMjBocmVmJTNEJTIyaHR0cHMlM0ElMkYlMkZ3d3cuc2VyZ2lvZm90by5wbCUyRmVuJTJGa2FzaWEtc3R1ZGlvLW1hdGVybml0eS1waG90b3MtcGFydC0yJTJGJTIyJTIwc2hhcGUlM0QlMjJyZWN0JTIyJTIwY29vcmRzJTNEJTIyODYzJTJDMzAzJTJDMTMwMCUyQzU4NyUyMiUyMHN0eWxlJTNEJTIyb3V0bGluZSUzQW5vbmUlM0IlMjIlMjB0YXJnZXQlM0QlMjJfc2VsZiUyMiUyMCUyMCUyMCUyMCUyMCUyRiUzRSUwQSUzQyUyRm1hcCUzRQ==[\/vc_raw_html][\/vc_column][\/vc_row][vc_row row_type=&#8221;row&#8221; use_row_as_full_screen_section=&#8221;no&#8221; type=&#8221;full_width&#8221; text_align=&#8221;center&#8221; padding_top=&#8221;70&#8243; padding_bottom=&#8221;74&#8243; box_shadow_on_row=&#8221;no&#8221; oblique_section=&#8221;no&#8221; oblique_section_top_and_bottom=&#8221;both&#8221; oblique_section_position=&#8221;from_left_to_right&#8221; triangle_shape=&#8221;no&#8221; triangle_shape_position=&#8221;both&#8221;][vc_column][vc_column_text] Newest articles [\/vc_column_text][vc_text_separator title=&#8221;Photo shootings and tutorials&#8221; text_in_box=&#8221;no&#8221; text_position=&#8221;center&#8221; box_height=&#8221;1&#8243; box_padding=&#8221;18&#8243; line_width=&#8221;142&#8243; line_border_style=&#8221;solid&#8221; up=&#8221;10&#8243;&#8230;<\/p>\n","protected":false},"author":1,"featured_media":0,"parent":0,"menu_order":0,"comment_status":"open","ping_status":"open","template":"blog-standard.php","meta":{"footnotes":""},"class_list":["post-2285","page","type-page","status-publish","hentry"],"yoast_head":"<!-- This site is optimized with the Yoast SEO plugin v27.3 - https:\/\/yoast.com\/product\/yoast-seo-wordpress\/ -->\n<title>Sergio Lo Porto International Italian Wedding Photographer<\/title>\n<meta name=\"description\" content=\"Wedding and commemorative photographer. Makeup and fashion photographer. Studio and open air photography. Italian Wedding Photographer. International photographer.\" \/>\n<meta name=\"robots\" content=\"index, follow, max-snippet:-1, max-image-preview:large, max-video-preview:-1\" \/>\n<link rel=\"canonical\" href=\"https:\/\/www.sergiofoto.pl\/en\/\" \/>\n<meta property=\"og:locale\" content=\"en_US\" \/>\n<meta property=\"og:type\" content=\"article\" \/>\n<meta property=\"og:title\" content=\"Sergio Lo Porto International Italian Wedding Photographer\" \/>\n<meta property=\"og:description\" content=\"Wedding and commemorative photographer. Makeup and fashion photographer. Studio and open air photography. Italian Wedding Photographer. International photographer.\" \/>\n<meta property=\"og:url\" content=\"https:\/\/www.sergiofoto.pl\/en\/\" \/>\n<meta property=\"og:site_name\" content=\"Sergio&#039;s Photography - Fotografia... po w\u0142osku!\" \/>\n<meta property=\"article:publisher\" content=\"https:\/\/www.facebook.com\/sergiofotopl\" \/>\n<meta property=\"article:modified_time\" content=\"2023-03-19T11:28:44+00:00\" \/>\n<meta name=\"twitter:label1\" content=\"Est. reading time\" \/>\n\t<meta name=\"twitter:data1\" content=\"1 minute\" \/>\n<script type=\"application\/ld+json\" class=\"yoast-schema-graph\">{\"@context\":\"https:\\\/\\\/schema.org\",\"@graph\":[{\"@type\":\"WebPage\",\"@id\":\"https:\\\/\\\/www.sergiofoto.pl\\\/en\\\/\",\"url\":\"https:\\\/\\\/www.sergiofoto.pl\\\/en\\\/\",\"name\":\"Sergio Lo Porto International Italian Wedding Photographer\",\"isPartOf\":{\"@id\":\"http:\\\/\\\/www.sergiofoto.pl\\\/#website\"},\"datePublished\":\"2013-11-04T18:14:38+00:00\",\"dateModified\":\"2023-03-19T11:28:44+00:00\",\"description\":\"Wedding and commemorative photographer. Makeup and fashion photographer. Studio and open air photography. Italian Wedding Photographer. International photographer.\",\"breadcrumb\":{\"@id\":\"https:\\\/\\\/www.sergiofoto.pl\\\/en\\\/#breadcrumb\"},\"inLanguage\":\"en\",\"potentialAction\":[{\"@type\":\"ReadAction\",\"target\":[\"https:\\\/\\\/www.sergiofoto.pl\\\/en\\\/\"]}]},{\"@type\":\"BreadcrumbList\",\"@id\":\"https:\\\/\\\/www.sergiofoto.pl\\\/en\\\/#breadcrumb\",\"itemListElement\":[{\"@type\":\"ListItem\",\"position\":1,\"name\":\"Home\",\"item\":\"https:\\\/\\\/www.sergiofoto.pl\\\/en\\\/\"},{\"@type\":\"ListItem\",\"position\":2,\"name\":\"Sergio Foto &#8211; Sergio Lo Porto International Wedding Photographer\"}]},{\"@type\":\"WebSite\",\"@id\":\"http:\\\/\\\/www.sergiofoto.pl\\\/#website\",\"url\":\"http:\\\/\\\/www.sergiofoto.pl\\\/\",\"name\":\"Sergio's Photography - Fotografia... po w\u0142osku!\",\"description\":\"Fotograf \u015blubny, okoliczno\u015bciowy i dla dzieci Warszawa. Wyj\u0105tkowe fotografie makija\u017cu, portrety. Fotografia reklamowa. Sesje zdj\u0119ciowe w Warszawie w studio i w plenerze\",\"potentialAction\":[{\"@type\":\"SearchAction\",\"target\":{\"@type\":\"EntryPoint\",\"urlTemplate\":\"http:\\\/\\\/www.sergiofoto.pl\\\/?s={search_term_string}\"},\"query-input\":{\"@type\":\"PropertyValueSpecification\",\"valueRequired\":true,\"valueName\":\"search_term_string\"}}],\"inLanguage\":\"en\"}]}<\/script>\n<!-- \/ Yoast SEO plugin. -->","yoast_head_json":{"title":"Sergio Lo Porto International Italian Wedding Photographer","description":"Wedding and commemorative photographer. Makeup and fashion photographer. Studio and open air photography. Italian Wedding Photographer. International photographer.","robots":{"index":"index","follow":"follow","max-snippet":"max-snippet:-1","max-image-preview":"max-image-preview:large","max-video-preview":"max-video-preview:-1"},"canonical":"https:\/\/www.sergiofoto.pl\/en\/","og_locale":"en_US","og_type":"article","og_title":"Sergio Lo Porto International Italian Wedding Photographer","og_description":"Wedding and commemorative photographer. Makeup and fashion photographer. Studio and open air photography. Italian Wedding Photographer. International photographer.","og_url":"https:\/\/www.sergiofoto.pl\/en\/","og_site_name":"Sergio&#039;s Photography - Fotografia... po w\u0142osku!","article_publisher":"https:\/\/www.facebook.com\/sergiofotopl","article_modified_time":"2023-03-19T11:28:44+00:00","twitter_misc":{"Est. reading time":"1 minute"},"schema":{"@context":"https:\/\/schema.org","@graph":[{"@type":"WebPage","@id":"https:\/\/www.sergiofoto.pl\/en\/","url":"https:\/\/www.sergiofoto.pl\/en\/","name":"Sergio Lo Porto International Italian Wedding Photographer","isPartOf":{"@id":"http:\/\/www.sergiofoto.pl\/#website"},"datePublished":"2013-11-04T18:14:38+00:00","dateModified":"2023-03-19T11:28:44+00:00","description":"Wedding and commemorative photographer. Makeup and fashion photographer. Studio and open air photography. Italian Wedding Photographer. International photographer.","breadcrumb":{"@id":"https:\/\/www.sergiofoto.pl\/en\/#breadcrumb"},"inLanguage":"en","potentialAction":[{"@type":"ReadAction","target":["https:\/\/www.sergiofoto.pl\/en\/"]}]},{"@type":"BreadcrumbList","@id":"https:\/\/www.sergiofoto.pl\/en\/#breadcrumb","itemListElement":[{"@type":"ListItem","position":1,"name":"Home","item":"https:\/\/www.sergiofoto.pl\/en\/"},{"@type":"ListItem","position":2,"name":"Sergio Foto &#8211; Sergio Lo Porto International Wedding Photographer"}]},{"@type":"WebSite","@id":"http:\/\/www.sergiofoto.pl\/#website","url":"http:\/\/www.sergiofoto.pl\/","name":"Sergio's Photography - Fotografia... po w\u0142osku!","description":"Fotograf \u015blubny, okoliczno\u015bciowy i dla dzieci Warszawa. Wyj\u0105tkowe fotografie makija\u017cu, portrety. Fotografia reklamowa. Sesje zdj\u0119ciowe w Warszawie w studio i w plenerze","potentialAction":[{"@type":"SearchAction","target":{"@type":"EntryPoint","urlTemplate":"http:\/\/www.sergiofoto.pl\/?s={search_term_string}"},"query-input":{"@type":"PropertyValueSpecification","valueRequired":true,"valueName":"search_term_string"}}],"inLanguage":"en"}]}},"_links":{"self":[{"href":"https:\/\/www.sergiofoto.pl\/en\/wp-json\/wp\/v2\/pages\/2285\/"}],"collection":[{"href":"https:\/\/www.sergiofoto.pl\/en\/wp-json\/wp\/v2\/pages\/"}],"about":[{"href":"https:\/\/www.sergiofoto.pl\/en\/wp-json\/wp\/v2\/types\/page\/"}],"author":[{"embeddable":true,"href":"https:\/\/www.sergiofoto.pl\/en\/wp-json\/wp\/v2\/users\/1\/"}],"replies":[{"embeddable":true,"href":"https:\/\/www.sergiofoto.pl\/en\/wp-json\/wp\/v2\/comments\/?post=2285"}],"version-history":[{"count":10,"href":"https:\/\/www.sergiofoto.pl\/en\/wp-json\/wp\/v2\/pages\/2285\/revisions\/"}],"predecessor-version":[{"id":5732,"href":"https:\/\/www.sergiofoto.pl\/en\/wp-json\/wp\/v2\/pages\/2285\/revisions\/5732\/"}],"wp:attachment":[{"href":"https:\/\/www.sergiofoto.pl\/en\/wp-json\/wp\/v2\/media\/?parent=2285"}],"curies":[{"name":"wp","href":"https:\/\/api.w.org\/{rel}","templated":true}]}}