{"id":2275,"date":"2013-11-04T19:21:59","date_gmt":"2013-11-04T18:21:59","guid":{"rendered":"http:\/\/sergiofoto.pl\/blog-2\/"},"modified":"2015-11-09T19:35:22","modified_gmt":"2015-11-09T18:35:22","slug":"blog","status":"publish","type":"page","link":"https:\/\/www.sergiofoto.pl\/en\/blog\/","title":{"rendered":"International photographer Blog &#8211; Fashion &#038; Wedding Photographer | Artistic photography, fashion, etc"},"content":{"rendered":"","protected":false},"excerpt":{"rendered":"","protected":false},"author":1,"featured_media":0,"parent":0,"menu_order":0,"comment_status":"open","ping_status":"open","template":"blog-masonry-full-width.php","meta":{"footnotes":""},"class_list":["post-2275","page","type-page","status-publish","hentry"],"yoast_head":"<!-- This site is optimized with the Yoast SEO plugin v27.3 - https:\/\/yoast.com\/product\/yoast-seo-wordpress\/ -->\n<title>International photographer Blog - Wedding Photographer &amp; Fashion<\/title>\n<meta name=\"description\" content=\"International photographer Sergio&#039;s photography blog. Wedding photographer, commemorative, family and children. Artistic and fashion photo-shootings around the World\" \/>\n<meta name=\"robots\" content=\"index, follow, max-snippet:-1, max-image-preview:large, max-video-preview:-1\" \/>\n<link rel=\"canonical\" href=\"https:\/\/www.sergiofoto.pl\/en\/blog\/\" \/>\n<meta property=\"og:locale\" content=\"en_US\" \/>\n<meta property=\"og:type\" content=\"article\" \/>\n<meta property=\"og:title\" content=\"International photographer Blog - Wedding Photographer &amp; Fashion\" \/>\n<meta property=\"og:description\" content=\"International photographer Sergio&#039;s photography blog. Wedding photographer, commemorative, family and children. Artistic and fashion photo-shootings around the World\" \/>\n<meta property=\"og:url\" content=\"https:\/\/www.sergiofoto.pl\/en\/blog\/\" \/>\n<meta property=\"og:site_name\" content=\"Sergio&#039;s Photography - Fotografia... po w\u0142osku!\" \/>\n<meta property=\"article:publisher\" content=\"https:\/\/www.facebook.com\/sergiofotopl\" \/>\n<meta property=\"article:modified_time\" content=\"2015-11-09T18:35:22+00:00\" \/>\n<script type=\"application\/ld+json\" class=\"yoast-schema-graph\">{\"@context\":\"https:\\\/\\\/schema.org\",\"@graph\":[{\"@type\":\"WebPage\",\"@id\":\"https:\\\/\\\/www.sergiofoto.pl\\\/en\\\/blog\\\/\",\"url\":\"https:\\\/\\\/www.sergiofoto.pl\\\/en\\\/blog\\\/\",\"name\":\"International photographer Blog - Wedding Photographer & Fashion\",\"isPartOf\":{\"@id\":\"http:\\\/\\\/www.sergiofoto.pl\\\/#website\"},\"datePublished\":\"2013-11-04T18:21:59+00:00\",\"dateModified\":\"2015-11-09T18:35:22+00:00\",\"description\":\"International photographer Sergio's photography blog. Wedding photographer, commemorative, family and children. Artistic and fashion photo-shootings around the World\",\"breadcrumb\":{\"@id\":\"https:\\\/\\\/www.sergiofoto.pl\\\/en\\\/blog\\\/#breadcrumb\"},\"inLanguage\":\"en\",\"potentialAction\":[{\"@type\":\"ReadAction\",\"target\":[\"https:\\\/\\\/www.sergiofoto.pl\\\/en\\\/blog\\\/\"]}]},{\"@type\":\"BreadcrumbList\",\"@id\":\"https:\\\/\\\/www.sergiofoto.pl\\\/en\\\/blog\\\/#breadcrumb\",\"itemListElement\":[{\"@type\":\"ListItem\",\"position\":1,\"name\":\"Home\",\"item\":\"https:\\\/\\\/www.sergiofoto.pl\\\/en\\\/\"},{\"@type\":\"ListItem\",\"position\":2,\"name\":\"International photographer Blog &#8211; Fashion &#038; Wedding Photographer | Artistic photography, fashion, etc\"}]},{\"@type\":\"WebSite\",\"@id\":\"http:\\\/\\\/www.sergiofoto.pl\\\/#website\",\"url\":\"http:\\\/\\\/www.sergiofoto.pl\\\/\",\"name\":\"Sergio's Photography - Fotografia... po w\u0142osku!\",\"description\":\"Fotograf \u015blubny, okoliczno\u015bciowy i dla dzieci Warszawa. Wyj\u0105tkowe fotografie makija\u017cu, portrety. Fotografia reklamowa. Sesje zdj\u0119ciowe w Warszawie w studio i w plenerze\",\"potentialAction\":[{\"@type\":\"SearchAction\",\"target\":{\"@type\":\"EntryPoint\",\"urlTemplate\":\"http:\\\/\\\/www.sergiofoto.pl\\\/?s={search_term_string}\"},\"query-input\":{\"@type\":\"PropertyValueSpecification\",\"valueRequired\":true,\"valueName\":\"search_term_string\"}}],\"inLanguage\":\"en\"}]}<\/script>\n<!-- \/ Yoast SEO plugin. -->","yoast_head_json":{"title":"International photographer Blog - Wedding Photographer & Fashion","description":"International photographer Sergio's photography blog. Wedding photographer, commemorative, family and children. Artistic and fashion photo-shootings around the World","robots":{"index":"index","follow":"follow","max-snippet":"max-snippet:-1","max-image-preview":"max-image-preview:large","max-video-preview":"max-video-preview:-1"},"canonical":"https:\/\/www.sergiofoto.pl\/en\/blog\/","og_locale":"en_US","og_type":"article","og_title":"International photographer Blog - Wedding Photographer & Fashion","og_description":"International photographer Sergio's photography blog. Wedding photographer, commemorative, family and children. Artistic and fashion photo-shootings around the World","og_url":"https:\/\/www.sergiofoto.pl\/en\/blog\/","og_site_name":"Sergio&#039;s Photography - Fotografia... po w\u0142osku!","article_publisher":"https:\/\/www.facebook.com\/sergiofotopl","article_modified_time":"2015-11-09T18:35:22+00:00","schema":{"@context":"https:\/\/schema.org","@graph":[{"@type":"WebPage","@id":"https:\/\/www.sergiofoto.pl\/en\/blog\/","url":"https:\/\/www.sergiofoto.pl\/en\/blog\/","name":"International photographer Blog - Wedding Photographer & Fashion","isPartOf":{"@id":"http:\/\/www.sergiofoto.pl\/#website"},"datePublished":"2013-11-04T18:21:59+00:00","dateModified":"2015-11-09T18:35:22+00:00","description":"International photographer Sergio's photography blog. Wedding photographer, commemorative, family and children. Artistic and fashion photo-shootings around the World","breadcrumb":{"@id":"https:\/\/www.sergiofoto.pl\/en\/blog\/#breadcrumb"},"inLanguage":"en","potentialAction":[{"@type":"ReadAction","target":["https:\/\/www.sergiofoto.pl\/en\/blog\/"]}]},{"@type":"BreadcrumbList","@id":"https:\/\/www.sergiofoto.pl\/en\/blog\/#breadcrumb","itemListElement":[{"@type":"ListItem","position":1,"name":"Home","item":"https:\/\/www.sergiofoto.pl\/en\/"},{"@type":"ListItem","position":2,"name":"International photographer Blog &#8211; Fashion &#038; Wedding Photographer | Artistic photography, fashion, etc"}]},{"@type":"WebSite","@id":"http:\/\/www.sergiofoto.pl\/#website","url":"http:\/\/www.sergiofoto.pl\/","name":"Sergio's Photography - Fotografia... po w\u0142osku!","description":"Fotograf \u015blubny, okoliczno\u015bciowy i dla dzieci Warszawa. Wyj\u0105tkowe fotografie makija\u017cu, portrety. Fotografia reklamowa. Sesje zdj\u0119ciowe w Warszawie w studio i w plenerze","potentialAction":[{"@type":"SearchAction","target":{"@type":"EntryPoint","urlTemplate":"http:\/\/www.sergiofoto.pl\/?s={search_term_string}"},"query-input":{"@type":"PropertyValueSpecification","valueRequired":true,"valueName":"search_term_string"}}],"inLanguage":"en"}]}},"_links":{"self":[{"href":"https:\/\/www.sergiofoto.pl\/en\/wp-json\/wp\/v2\/pages\/2275\/"}],"collection":[{"href":"https:\/\/www.sergiofoto.pl\/en\/wp-json\/wp\/v2\/pages\/"}],"about":[{"href":"https:\/\/www.sergiofoto.pl\/en\/wp-json\/wp\/v2\/types\/page\/"}],"author":[{"embeddable":true,"href":"https:\/\/www.sergiofoto.pl\/en\/wp-json\/wp\/v2\/users\/1\/"}],"replies":[{"embeddable":true,"href":"https:\/\/www.sergiofoto.pl\/en\/wp-json\/wp\/v2\/comments\/?post=2275"}],"version-history":[{"count":3,"href":"https:\/\/www.sergiofoto.pl\/en\/wp-json\/wp\/v2\/pages\/2275\/revisions\/"}],"predecessor-version":[{"id":2279,"href":"https:\/\/www.sergiofoto.pl\/en\/wp-json\/wp\/v2\/pages\/2275\/revisions\/2279\/"}],"wp:attachment":[{"href":"https:\/\/www.sergiofoto.pl\/en\/wp-json\/wp\/v2\/media\/?parent=2275"}],"curies":[{"name":"wp","href":"https:\/\/api.w.org\/{rel}","templated":true}]}}